{"id":1093,"date":"2024-04-05T10:26:23","date_gmt":"2024-04-05T08:26:23","guid":{"rendered":"https:\/\/floor-shop.ch\/richtlinien-fuer-rueckerstattungen-und-ruecksendungen\/"},"modified":"2024-04-11T15:28:02","modified_gmt":"2024-04-11T13:28:02","slug":"richtlinien-fuer-rueckerstattungen-und-ruecksendungen","status":"publish","type":"page","link":"https:\/\/floor-shop.ch\/de\/richtlinien-fuer-rueckerstattungen-und-ruecksendungen\/","title":{"rendered":"Richtlinien f\u00fcr R\u00fcckerstattungen und R\u00fccksendungen"},"content":{"rendered":"\t\t<div data-elementor-type=\"wp-page\" data-elementor-id=\"1093\" class=\"elementor elementor-1093 elementor-15\" data-elementor-post-type=\"page\">\n\t\t\t\t<div class=\"elementor-element elementor-element-e1e3ca1 e-flex e-con-boxed e-con e-parent\" data-id=\"e1e3ca1\" data-element_type=\"container\">\n\t\t\t\t\t<div class=\"e-con-inner\">\n\t\t\t\t<div class=\"elementor-element elementor-element-c083b33 elementor-widget elementor-widget-heading\" data-id=\"c083b33\" data-element_type=\"widget\" data-widget_type=\"heading.default\">\n\t\t\t\t<div class=\"elementor-widget-container\">\n\t\t\t\t\t<h1 class=\"elementor-heading-title elementor-size-default\">Richtlinien f\u00fcr R\u00fcckerstattungen und R\u00fccksendungen<\/h1>\t\t\t\t<\/div>\n\t\t\t\t<\/div>\n\t\t\t\t<div class=\"elementor-element elementor-element-7622b882 elementor-widget elementor-widget-text-editor\" data-id=\"7622b882\" data-element_type=\"widget\" data-widget_type=\"text-editor.default\">\n\t\t\t\t<div class=\"elementor-widget-container\">\n\t\t\t\t\t\t\t\t\t<h2><strong>1\/ANWENDUNGSBEREICH<\/strong><\/h2>\n<p>Die Allgemeinen Gesch\u00e4ftsbedingungen (nachfolgend &#8222;AGB&#8220; genannt) gelten f\u00fcr alle Bestellungen und Vertragsabschl\u00fcsse (nachfolgend &#8222;Bestellung&#8220; genannt) \u00fcber den Online-Shop der Blumer Wohngestaltung GmbH (nachfolgend &#8222;Floor-shop.ch&#8220; genannt).<\/p>\n<p>Floor-shop.ch beh\u00e4lt sich das Recht vor, die AGB zu \u00e4ndern. Es gilt die zum Zeitpunkt der Bestellung g\u00fcltige Fassung der AGB. Sie kann nicht einseitig f\u00fcr die betreffende Bestellung ge\u00e4ndert werden.<\/p>\n<p>Das Angebot dieses Shops (floor-shop.ch) richtet sich ausschliesslich an Kunden, deren Wohnsitz und Lieferadresse in der Schweiz oder im F\u00fcrstentum Lichtenstein liegt.<\/p>\n<h2><strong>2 AUSWAHL DER PRODUKTE<\/strong><\/h2>\n<ol>\n<li>Der Kunde hat die M\u00f6glichkeit, auf der oben genannten Website Produkte auszuw\u00e4hlen und zu bestellen.<\/li>\n<li>Der Kunde kann eine spezifische Beschreibung f\u00fcr jedes Produkt auf der Website einsehen.<\/li>\n<li>Der Kunde kann auf der Website die gew\u00fcnschten Produkten anklicken. Diese werden in einem virtuellen Warenkorb gesammelt und der Kunde erh\u00e4lt am Ende des Einkaufs eine \u00dcbersicht der Produkte mit dem Gesamtpreis inklusive Verpackungs- und Transportkosten.<\/li>\n<li>Vor dem Absenden der Bestellung hat der Kunde die M\u00f6glichkeit, den Inhalt der Bestellung, insbesondere den Preis und die Mengenangaben, zu \u00fcberpr\u00fcfen und ggf. zu korrigieren.<\/li>\n<\/ol>\n<h2><strong>3 BEDINGUNGEN F\u00dcR DIE R\u00dcCKGABE VON WAREN<\/strong><\/h2>\n<ol>\n<li>R\u00fcckgaberecht<br \/>Der Kunde kann die erhaltene Ware <strong>innerhalb von zehn Tagen ohne Angabe von Gr\u00fcnden zur\u00fcckgeben.<\/strong> Die Frist beginnt mit dem Eingang der Ware. Die R\u00fccksendefrist gilt als eingehalten, wenn die Ware vor Ablauf der 10 Tage nach Warenerhalt abgeschickt wurde. In jedem Fall erfolgt die R\u00fccksendung der Ware auf Kosten und Gefahr des Kunden. Die zur\u00fcckgesandten Waren m\u00fcssen an folgende Adresse geschickt werden:<\/li>\n<\/ol>\n<p>Name\/Firma: <br \/>Adresse <br \/>E-Mail-Adresse: <br \/>Homepage: <br \/>IBAN: <\/p>\n<ol>\n<li>Nach der R\u00fccksendung von Waren<br \/>Im Falle einer erfolgten R\u00fcckgabe sind die empfangenen Leistungen zur\u00fcckzugew\u00e4hren und ggf. gezogene Nutzungen (z. B. Gebrauchsvorteile) zu verg\u00fcten. Im Falle einer Besch\u00e4digung der Ware kann eine Entsch\u00e4digung verlangt werden. Dies gilt nicht, wenn die Verschlechterung der Ware ausschlie\u00dflich auf deren Pr\u00fcfung zur\u00fcckzuf\u00fchren ist. Im \u00dcbrigen kann der Kunde die Pflicht zum Wertersatz f\u00fcr eine durch die bestimmungsgem\u00e4sse Ingebrauchnahme der Sache entstandene Verschlechterung vermeiden, indem er die Sache nicht wie sein Eigentum in Gebrauch nimmt und alles unterl\u00e4sst, was deren Wert beeintr\u00e4chtigt.<\/li>\n<\/ol>\n<h2><strong>4 PREISE<\/strong><\/h2>\n<p>2. Es gelten die Preise zum Zeitpunkt der Bestellung, wie sie auf der Website dargestellt sind<\/p>\n<h2><strong>5 VERTRAGSABSCHLUSS<\/strong><\/h2>\n<p>Die Angebote von www.floor-shop.ch auf der Website sind freibleibend. So ist www.floor-shop.ch im Falle der Nichterf\u00fcllung nicht zur Leistung verpflichtet Ein Vertrag ist somit ein geschlossenes Vertragsverh\u00e4ltnis \u00fcber bestimmte Leistungen, sofern www.floor-shop.ch die Bestellung des Kunden schriftlich best\u00e4tigt hat.<\/p>\n<\/p>\n<h2><strong>6 AUSF\u00dcHRUNG DES VERTRAGS<\/strong><\/h2>\n<ol>\n<li>\n<h3>Auftragsabwicklung<\/h3>\n<p>www.floor-shop.ch bearbeitet Bestellungen innerhalb von 48 Stunden.<\/p>\n<\/li>\n<li>\n<h3>Lieferung<\/h3>\n<p>Die Frist h\u00e4ngt auch von der Zahlungsart ab:<br \/>\u2013 Per Kreditkarte wird Ihre Bestellung sofort versendet<br \/>\u2013 Per Bank\u00fcberweisung \/ auf Rechnung: wir machen eine einfache Option auf den verf\u00fcgbaren Bestand, Ihre Bestellung ist<br \/>nach Zahlungseingang endg\u00fcltig best\u00e4tigt.<br \/>Nach der Registrierung der Zahlung des Kunden wird die Bestellung innerhalb von mindestens 2<br \/>Tagen versandt. Arbeitstage, je nach Verf\u00fcgbarkeit von Transportm\u00f6glichkeiten<\/p>\n<\/li>\n<li>\n<h3>Versandkosten<\/h3>\n<p>Die Versandkosten h\u00e4ngen vom Wert der Bestellung ab und richten sich nach dem Gewicht der zu versendenden Waren. Dies ist bei der Bestellung im Warenkorb sichtbar.<\/p>\n<\/li>\n<\/ol>\n<h2><strong>7\/ ZAHLUNGSBEDINGUNGEN<\/strong><\/h2>\n<p>www.floor-shop.ch stellt dem Kunden die bestellten Waren in Rechnung. Diese Rechnung kann bei der Bestellung ausgestellt werden. Sie wird bei der Lieferung der Waren ausgeh\u00e4ndigt. www.floor-shop.ch wird per Kreditkarte bezahlt. <\/p>\n<\/p>\n<p><strong>8 GARANTIE UND HAFTUNG<\/strong><\/p>\n<p>Defekte oder Fehler am Produkt sind vom Kunden an www.floor-shop.ch zu melden und das Produkt ist auf Kosten von www.floor-shop.ch zur\u00fcckzusenden.<br \/>Die Garantie ist auf ein Jahr beschr\u00e4nkt und www.floor-shop.ch ist berechtigt, das Produkt kostenlos zu reparieren oder zu ersetzen.<br \/>www.floors-shop.ch haftet grunds\u00e4tzlich, wenn der Schaden auf einer Verletzung wesentlicher Vertragspflichten beruht.<br \/>Bei falscher Anwendung der Produkte <a href=\"http:\/\/www.floors-shop.ch\/\">www.floors-shop.ch<\/a> gew\u00e4hren wir keine Garantie.<\/p>\n<\/p>\n<h2><strong>9 F\u00c4LLE VON H\u00d6HERER GEWALT<\/strong><\/h2>\n<ol>\n<li>Kann www.floor-shop.ch seinen Verpflichtungen aufgrund h\u00f6herer Gewalt (einschlie\u00dflich Krieg, Naturkatastrophen, Pandemien usw.) nicht nachkommen, so ist das Unternehmen f\u00fcr die Dauer der h\u00f6heren Gewalt von allen Verpflichtungen befreit.<\/li>\n<li>Kann www.floor-shop.ch aufgrund h\u00f6herer Gewalt die Bestellung nicht innerhalb eines Monats ausliefern, ist der Kunde berechtigt, vom Vertrag zur\u00fcckzutreten.<\/li>\n<\/ol>\n<h2><strong>10 DATENSCHUTZ<\/strong><\/h2>\n<p>www.floor-shop.ch wird alle gesetzlichen Bestimmungen zum Datenschutz einhalten.<\/p>\n\t\t\t\t\t\t\t\t<\/div>\n\t\t\t\t<\/div>\n\t\t\t\t\t<\/div>\n\t\t\t\t<\/div>\n\t\t\t\t<\/div>\n\t\t","protected":false},"excerpt":{"rendered":"<p>Richtlinien f\u00fcr R\u00fcckerstattungen und R\u00fccksendungen 1\/ANWENDUNGSBEREICH Die Allgemeinen Gesch\u00e4ftsbedingungen (nachfolgend &#8222;AGB&#8220; genannt) gelten f\u00fcr alle Bestellungen und Vertragsabschl\u00fcsse (nachfolgend &#8222;Bestellung&#8220; genannt) \u00fcber den Online-Shop der Blumer Wohngestaltung GmbH (nachfolgend &#8222;Floor-shop.ch&#8220; genannt). Floor-shop.ch beh\u00e4lt sich das Recht vor, die AGB zu \u00e4ndern. Es gilt die zum Zeitpunkt der Bestellung g\u00fcltige Fassung der AGB. Sie kann nicht [&hellip;]<\/p>\n","protected":false},"author":1,"featured_media":0,"parent":0,"menu_order":0,"comment_status":"closed","ping_status":"closed","template":"","meta":{"_acf_changed":false,"footnotes":""},"class_list":["post-1093","page","type-page","status-publish","hentry"],"acf":[],"yoast_head":"<!-- This site is optimized with the Yoast SEO plugin v26.7 - https:\/\/yoast.com\/wordpress\/plugins\/seo\/ -->\n<title>Richtlinien f\u00fcr R\u00fcckerstattungen und R\u00fccksendungen - Floor Shop<\/title>\n<meta name=\"robots\" content=\"index, follow, max-snippet:-1, max-image-preview:large, max-video-preview:-1\" \/>\n<link rel=\"canonical\" href=\"https:\/\/floor-shop.ch\/de\/richtlinien-fuer-rueckerstattungen-und-ruecksendungen\/\" \/>\n<meta property=\"og:locale\" content=\"de_DE\" \/>\n<meta property=\"og:type\" content=\"article\" \/>\n<meta property=\"og:title\" content=\"Richtlinien f\u00fcr R\u00fcckerstattungen und R\u00fccksendungen - Floor Shop\" \/>\n<meta property=\"og:description\" content=\"Richtlinien f\u00fcr R\u00fcckerstattungen und R\u00fccksendungen 1\/ANWENDUNGSBEREICH Die Allgemeinen Gesch\u00e4ftsbedingungen (nachfolgend &#8222;AGB&#8220; genannt) gelten f\u00fcr alle Bestellungen und Vertragsabschl\u00fcsse (nachfolgend &#8222;Bestellung&#8220; genannt) \u00fcber den Online-Shop der Blumer Wohngestaltung GmbH (nachfolgend &#8222;Floor-shop.ch&#8220; genannt). Floor-shop.ch beh\u00e4lt sich das Recht vor, die AGB zu \u00e4ndern. Es gilt die zum Zeitpunkt der Bestellung g\u00fcltige Fassung der AGB. Sie kann nicht [&hellip;]\" \/>\n<meta property=\"og:url\" content=\"https:\/\/floor-shop.ch\/de\/richtlinien-fuer-rueckerstattungen-und-ruecksendungen\/\" \/>\n<meta property=\"og:site_name\" content=\"Floor Shop\" \/>\n<meta property=\"article:modified_time\" content=\"2024-04-11T13:28:02+00:00\" \/>\n<meta property=\"og:image\" content=\"https:\/\/floor-shop.ch\/wp-content\/uploads\/2024\/04\/IMG_0817-scaled.jpg\" \/>\n\t<meta property=\"og:image:width\" content=\"1920\" \/>\n\t<meta property=\"og:image:height\" content=\"2560\" \/>\n\t<meta property=\"og:image:type\" content=\"image\/jpeg\" \/>\n<meta name=\"twitter:card\" content=\"summary_large_image\" \/>\n<meta name=\"twitter:label1\" content=\"Gesch\u00e4tzte Lesezeit\" \/>\n\t<meta name=\"twitter:data1\" content=\"4\u00a0Minuten\" \/>\n<script type=\"application\/ld+json\" class=\"yoast-schema-graph\">{\"@context\":\"https:\/\/schema.org\",\"@graph\":[{\"@type\":\"WebPage\",\"@id\":\"https:\/\/floor-shop.ch\/de\/richtlinien-fuer-rueckerstattungen-und-ruecksendungen\/\",\"url\":\"https:\/\/floor-shop.ch\/de\/richtlinien-fuer-rueckerstattungen-und-ruecksendungen\/\",\"name\":\"Richtlinien f\u00fcr R\u00fcckerstattungen und R\u00fccksendungen - Floor Shop\",\"isPartOf\":{\"@id\":\"https:\/\/floor-shop.ch\/de\/#website\"},\"datePublished\":\"2024-04-05T08:26:23+00:00\",\"dateModified\":\"2024-04-11T13:28:02+00:00\",\"breadcrumb\":{\"@id\":\"https:\/\/floor-shop.ch\/de\/richtlinien-fuer-rueckerstattungen-und-ruecksendungen\/#breadcrumb\"},\"inLanguage\":\"de\",\"potentialAction\":[{\"@type\":\"ReadAction\",\"target\":[\"https:\/\/floor-shop.ch\/de\/richtlinien-fuer-rueckerstattungen-und-ruecksendungen\/\"]}]},{\"@type\":\"BreadcrumbList\",\"@id\":\"https:\/\/floor-shop.ch\/de\/richtlinien-fuer-rueckerstattungen-und-ruecksendungen\/#breadcrumb\",\"itemListElement\":[{\"@type\":\"ListItem\",\"position\":1,\"name\":\"Accueil\",\"item\":\"https:\/\/floor-shop.ch\/de\/pflegeprodukt-fuer-bodenbelaege\/\"},{\"@type\":\"ListItem\",\"position\":2,\"name\":\"Richtlinien f\u00fcr R\u00fcckerstattungen und R\u00fccksendungen\"}]},{\"@type\":\"WebSite\",\"@id\":\"https:\/\/floor-shop.ch\/de\/#website\",\"url\":\"https:\/\/floor-shop.ch\/de\/\",\"name\":\"Floor Shop\",\"description\":\"\",\"publisher\":{\"@id\":\"https:\/\/floor-shop.ch\/de\/#organization\"},\"potentialAction\":[{\"@type\":\"SearchAction\",\"target\":{\"@type\":\"EntryPoint\",\"urlTemplate\":\"https:\/\/floor-shop.ch\/de\/?s={search_term_string}\"},\"query-input\":{\"@type\":\"PropertyValueSpecification\",\"valueRequired\":true,\"valueName\":\"search_term_string\"}}],\"inLanguage\":\"de\"},{\"@type\":\"Organization\",\"@id\":\"https:\/\/floor-shop.ch\/de\/#organization\",\"name\":\"Floor Shop\",\"url\":\"https:\/\/floor-shop.ch\/de\/\",\"logo\":{\"@type\":\"ImageObject\",\"inLanguage\":\"de\",\"@id\":\"https:\/\/floor-shop.ch\/de\/#\/schema\/logo\/image\/\",\"url\":\"https:\/\/floor-shop.ch\/wp-content\/uploads\/2024\/04\/FloorShop-logo.svg\",\"contentUrl\":\"https:\/\/floor-shop.ch\/wp-content\/uploads\/2024\/04\/FloorShop-logo.svg\",\"width\":500,\"height\":500,\"caption\":\"Floor Shop\"},\"image\":{\"@id\":\"https:\/\/floor-shop.ch\/de\/#\/schema\/logo\/image\/\"}}]}<\/script>\n<!-- \/ Yoast SEO plugin. -->","yoast_head_json":{"title":"Richtlinien f\u00fcr R\u00fcckerstattungen und R\u00fccksendungen - Floor Shop","robots":{"index":"index","follow":"follow","max-snippet":"max-snippet:-1","max-image-preview":"max-image-preview:large","max-video-preview":"max-video-preview:-1"},"canonical":"https:\/\/floor-shop.ch\/de\/richtlinien-fuer-rueckerstattungen-und-ruecksendungen\/","og_locale":"de_DE","og_type":"article","og_title":"Richtlinien f\u00fcr R\u00fcckerstattungen und R\u00fccksendungen - Floor Shop","og_description":"Richtlinien f\u00fcr R\u00fcckerstattungen und R\u00fccksendungen 1\/ANWENDUNGSBEREICH Die Allgemeinen Gesch\u00e4ftsbedingungen (nachfolgend &#8222;AGB&#8220; genannt) gelten f\u00fcr alle Bestellungen und Vertragsabschl\u00fcsse (nachfolgend &#8222;Bestellung&#8220; genannt) \u00fcber den Online-Shop der Blumer Wohngestaltung GmbH (nachfolgend &#8222;Floor-shop.ch&#8220; genannt). Floor-shop.ch beh\u00e4lt sich das Recht vor, die AGB zu \u00e4ndern. Es gilt die zum Zeitpunkt der Bestellung g\u00fcltige Fassung der AGB. Sie kann nicht [&hellip;]","og_url":"https:\/\/floor-shop.ch\/de\/richtlinien-fuer-rueckerstattungen-und-ruecksendungen\/","og_site_name":"Floor Shop","article_modified_time":"2024-04-11T13:28:02+00:00","og_image":[{"width":1920,"height":2560,"url":"https:\/\/floor-shop.ch\/wp-content\/uploads\/2024\/04\/IMG_0817-scaled.jpg","type":"image\/jpeg"}],"twitter_card":"summary_large_image","twitter_misc":{"Gesch\u00e4tzte Lesezeit":"4\u00a0Minuten"},"schema":{"@context":"https:\/\/schema.org","@graph":[{"@type":"WebPage","@id":"https:\/\/floor-shop.ch\/de\/richtlinien-fuer-rueckerstattungen-und-ruecksendungen\/","url":"https:\/\/floor-shop.ch\/de\/richtlinien-fuer-rueckerstattungen-und-ruecksendungen\/","name":"Richtlinien f\u00fcr R\u00fcckerstattungen und R\u00fccksendungen - Floor Shop","isPartOf":{"@id":"https:\/\/floor-shop.ch\/de\/#website"},"datePublished":"2024-04-05T08:26:23+00:00","dateModified":"2024-04-11T13:28:02+00:00","breadcrumb":{"@id":"https:\/\/floor-shop.ch\/de\/richtlinien-fuer-rueckerstattungen-und-ruecksendungen\/#breadcrumb"},"inLanguage":"de","potentialAction":[{"@type":"ReadAction","target":["https:\/\/floor-shop.ch\/de\/richtlinien-fuer-rueckerstattungen-und-ruecksendungen\/"]}]},{"@type":"BreadcrumbList","@id":"https:\/\/floor-shop.ch\/de\/richtlinien-fuer-rueckerstattungen-und-ruecksendungen\/#breadcrumb","itemListElement":[{"@type":"ListItem","position":1,"name":"Accueil","item":"https:\/\/floor-shop.ch\/de\/pflegeprodukt-fuer-bodenbelaege\/"},{"@type":"ListItem","position":2,"name":"Richtlinien f\u00fcr R\u00fcckerstattungen und R\u00fccksendungen"}]},{"@type":"WebSite","@id":"https:\/\/floor-shop.ch\/de\/#website","url":"https:\/\/floor-shop.ch\/de\/","name":"Floor Shop","description":"","publisher":{"@id":"https:\/\/floor-shop.ch\/de\/#organization"},"potentialAction":[{"@type":"SearchAction","target":{"@type":"EntryPoint","urlTemplate":"https:\/\/floor-shop.ch\/de\/?s={search_term_string}"},"query-input":{"@type":"PropertyValueSpecification","valueRequired":true,"valueName":"search_term_string"}}],"inLanguage":"de"},{"@type":"Organization","@id":"https:\/\/floor-shop.ch\/de\/#organization","name":"Floor Shop","url":"https:\/\/floor-shop.ch\/de\/","logo":{"@type":"ImageObject","inLanguage":"de","@id":"https:\/\/floor-shop.ch\/de\/#\/schema\/logo\/image\/","url":"https:\/\/floor-shop.ch\/wp-content\/uploads\/2024\/04\/FloorShop-logo.svg","contentUrl":"https:\/\/floor-shop.ch\/wp-content\/uploads\/2024\/04\/FloorShop-logo.svg","width":500,"height":500,"caption":"Floor Shop"},"image":{"@id":"https:\/\/floor-shop.ch\/de\/#\/schema\/logo\/image\/"}}]}},"_links":{"self":[{"href":"https:\/\/floor-shop.ch\/de\/wp-json\/wp\/v2\/pages\/1093","targetHints":{"allow":["GET"]}}],"collection":[{"href":"https:\/\/floor-shop.ch\/de\/wp-json\/wp\/v2\/pages"}],"about":[{"href":"https:\/\/floor-shop.ch\/de\/wp-json\/wp\/v2\/types\/page"}],"author":[{"embeddable":true,"href":"https:\/\/floor-shop.ch\/de\/wp-json\/wp\/v2\/users\/1"}],"replies":[{"embeddable":true,"href":"https:\/\/floor-shop.ch\/de\/wp-json\/wp\/v2\/comments?post=1093"}],"version-history":[{"count":1,"href":"https:\/\/floor-shop.ch\/de\/wp-json\/wp\/v2\/pages\/1093\/revisions"}],"predecessor-version":[{"id":1094,"href":"https:\/\/floor-shop.ch\/de\/wp-json\/wp\/v2\/pages\/1093\/revisions\/1094"}],"wp:attachment":[{"href":"https:\/\/floor-shop.ch\/de\/wp-json\/wp\/v2\/media?parent=1093"}],"curies":[{"name":"wp","href":"https:\/\/api.w.org\/{rel}","templated":true}]}}