{"id":1373,"date":"2024-08-09T11:03:26","date_gmt":"2024-08-09T09:03:26","guid":{"rendered":"https:\/\/floor-shop.ch\/nos-produits\/hp-holzreiniger-plus\/"},"modified":"2024-08-09T11:03:26","modified_gmt":"2024-08-09T09:03:26","slug":"hp-holzreiniger-plus","status":"publish","type":"product","link":"https:\/\/floor-shop.ch\/de\/nos-produits\/hp-holzreiniger-plus\/","title":{"rendered":"HP Holzreiniger Plus"},"content":{"rendered":"<ul>\n<li>Grundreiniger f\u00fcr stark verschmutzte, unbehandelte, ge\u00f6lte, geseifte und gewachste B\u00f6den und H\u00f6lzer<\/li>\n<li> Entfernt alle Arten von Flecken<\/li>\n<li>hellt das Holz auf<\/li>\n<li>200 ml = 30-40m2 (Verd\u00fcnnungsverh\u00e4ltnis in Wasser 1\/10)<\/li>\n<\/ul>\n<p><strong>Die Verwendung eines Profi-\u00d6ls mit hohem Feststoffgehalt wird f\u00fcr den Bereich nach der Verwendung dringend empfohlen.<\/strong><\/p>\n","protected":false},"excerpt":{"rendered":"<p>HP Holzreiniger Plus ist ein hochwirksamer Holzreiniger f\u00fcr behandeltes und unbehandeltes Holz im Innen- und Au\u00dfenbereich. Graue Stellen, abgenutzte, mit \u00d6l und Wachs behandelte Oberfl\u00e4chen und unbehandeltes Holz werden in einem Arbeitsgang gereinigt und aufgehellt. Greift gesundes Holz und intakte Oberfl\u00e4chen nicht an.  <\/p>\n","protected":false},"featured_media":1556,"template":"","meta":{"_acf_changed":false},"product_brand":[],"product_cat":[80],"product_tag":[84],"class_list":{"0":"post-1373","1":"product","2":"type-product","3":"status-publish","4":"has-post-thumbnail","6":"product_cat-reparatur","7":"product_tag-classique-de","9":"first","10":"instock","11":"taxable","12":"shipping-taxable","13":"purchasable","14":"product-type-simple"},"acf":[],"yoast_head":"<!-- This site is optimized with the Yoast SEO plugin v26.7 - https:\/\/yoast.com\/wordpress\/plugins\/seo\/ -->\n<title>HP Holzreiniger Plus - Floor Shop<\/title>\n<meta name=\"description\" content=\"D\u00e9couvrez HP Holzreiniger Plus de Proff pour Reparatur. Un produit id\u00e9al pour l&#039;entretien de votre rev\u00eatement de sol, disponible chez Floor Shop.\" \/>\n<meta name=\"robots\" content=\"index, follow, max-snippet:-1, max-image-preview:large, max-video-preview:-1\" \/>\n<link rel=\"canonical\" href=\"https:\/\/floor-shop.ch\/de\/nos-produits\/hp-holzreiniger-plus\/\" \/>\n<meta property=\"og:locale\" content=\"de_DE\" \/>\n<meta property=\"og:type\" content=\"article\" \/>\n<meta property=\"og:title\" content=\"HP Holzreiniger Plus - Floor Shop\" \/>\n<meta property=\"og:description\" content=\"D\u00e9couvrez HP Holzreiniger Plus de Proff pour Reparatur. Un produit id\u00e9al pour l&#039;entretien de votre rev\u00eatement de sol, disponible chez Floor Shop.\" \/>\n<meta property=\"og:url\" content=\"https:\/\/floor-shop.ch\/de\/nos-produits\/hp-holzreiniger-plus\/\" \/>\n<meta property=\"og:site_name\" content=\"Floor Shop\" \/>\n<meta property=\"og:image\" content=\"https:\/\/floor-shop.ch\/wp-content\/uploads\/2024\/08\/15.png\" \/>\n\t<meta property=\"og:image:width\" content=\"300\" \/>\n\t<meta property=\"og:image:height\" content=\"300\" \/>\n\t<meta property=\"og:image:type\" content=\"image\/png\" \/>\n<meta name=\"twitter:card\" content=\"summary_large_image\" \/>\n<script type=\"application\/ld+json\" class=\"yoast-schema-graph\">{\"@context\":\"https:\/\/schema.org\",\"@graph\":[{\"@type\":\"WebPage\",\"@id\":\"https:\/\/floor-shop.ch\/de\/nos-produits\/hp-holzreiniger-plus\/\",\"url\":\"https:\/\/floor-shop.ch\/de\/nos-produits\/hp-holzreiniger-plus\/\",\"name\":\"HP Holzreiniger Plus - Floor Shop\",\"isPartOf\":{\"@id\":\"https:\/\/floor-shop.ch\/de\/#website\"},\"primaryImageOfPage\":{\"@id\":\"https:\/\/floor-shop.ch\/de\/nos-produits\/hp-holzreiniger-plus\/#primaryimage\"},\"image\":{\"@id\":\"https:\/\/floor-shop.ch\/de\/nos-produits\/hp-holzreiniger-plus\/#primaryimage\"},\"thumbnailUrl\":\"https:\/\/floor-shop.ch\/wp-content\/uploads\/2024\/08\/15.png\",\"datePublished\":\"2024-08-09T09:03:26+00:00\",\"description\":\"D\u00e9couvrez HP Holzreiniger Plus de Proff pour Reparatur. Un produit id\u00e9al pour l'entretien de votre rev\u00eatement de sol, disponible chez Floor Shop.\",\"breadcrumb\":{\"@id\":\"https:\/\/floor-shop.ch\/de\/nos-produits\/hp-holzreiniger-plus\/#breadcrumb\"},\"inLanguage\":\"de\",\"potentialAction\":[{\"@type\":\"ReadAction\",\"target\":[\"https:\/\/floor-shop.ch\/de\/nos-produits\/hp-holzreiniger-plus\/\"]}]},{\"@type\":\"ImageObject\",\"inLanguage\":\"de\",\"@id\":\"https:\/\/floor-shop.ch\/de\/nos-produits\/hp-holzreiniger-plus\/#primaryimage\",\"url\":\"https:\/\/floor-shop.ch\/wp-content\/uploads\/2024\/08\/15.png\",\"contentUrl\":\"https:\/\/floor-shop.ch\/wp-content\/uploads\/2024\/08\/15.png\",\"width\":300,\"height\":300,\"caption\":\"HP Nettoyant pour bois Plus Prooff\"},{\"@type\":\"BreadcrumbList\",\"@id\":\"https:\/\/floor-shop.ch\/de\/nos-produits\/hp-holzreiniger-plus\/#breadcrumb\",\"itemListElement\":[{\"@type\":\"ListItem\",\"position\":1,\"name\":\"Accueil\",\"item\":\"https:\/\/floor-shop.ch\/de\/pflegeprodukt-fuer-bodenbelaege\/\"},{\"@type\":\"ListItem\",\"position\":2,\"name\":\"Unsere Produkte\",\"item\":\"https:\/\/floor-shop.ch\/de\/unsere-produkte\/\"},{\"@type\":\"ListItem\",\"position\":3,\"name\":\"HP Holzreiniger Plus\"}]},{\"@type\":\"WebSite\",\"@id\":\"https:\/\/floor-shop.ch\/de\/#website\",\"url\":\"https:\/\/floor-shop.ch\/de\/\",\"name\":\"Floor Shop\",\"description\":\"\",\"publisher\":{\"@id\":\"https:\/\/floor-shop.ch\/de\/#organization\"},\"potentialAction\":[{\"@type\":\"SearchAction\",\"target\":{\"@type\":\"EntryPoint\",\"urlTemplate\":\"https:\/\/floor-shop.ch\/de\/?s={search_term_string}\"},\"query-input\":{\"@type\":\"PropertyValueSpecification\",\"valueRequired\":true,\"valueName\":\"search_term_string\"}}],\"inLanguage\":\"de\"},{\"@type\":\"Organization\",\"@id\":\"https:\/\/floor-shop.ch\/de\/#organization\",\"name\":\"Floor Shop\",\"url\":\"https:\/\/floor-shop.ch\/de\/\",\"logo\":{\"@type\":\"ImageObject\",\"inLanguage\":\"de\",\"@id\":\"https:\/\/floor-shop.ch\/de\/#\/schema\/logo\/image\/\",\"url\":\"https:\/\/floor-shop.ch\/wp-content\/uploads\/2024\/04\/FloorShop-logo.svg\",\"contentUrl\":\"https:\/\/floor-shop.ch\/wp-content\/uploads\/2024\/04\/FloorShop-logo.svg\",\"width\":500,\"height\":500,\"caption\":\"Floor Shop\"},\"image\":{\"@id\":\"https:\/\/floor-shop.ch\/de\/#\/schema\/logo\/image\/\"}}]}<\/script>\n<!-- \/ Yoast SEO plugin. -->","yoast_head_json":{"title":"HP Holzreiniger Plus - Floor Shop","description":"D\u00e9couvrez HP Holzreiniger Plus de Proff pour Reparatur. Un produit id\u00e9al pour l'entretien de votre rev\u00eatement de sol, disponible chez Floor Shop.","robots":{"index":"index","follow":"follow","max-snippet":"max-snippet:-1","max-image-preview":"max-image-preview:large","max-video-preview":"max-video-preview:-1"},"canonical":"https:\/\/floor-shop.ch\/de\/nos-produits\/hp-holzreiniger-plus\/","og_locale":"de_DE","og_type":"article","og_title":"HP Holzreiniger Plus - Floor Shop","og_description":"D\u00e9couvrez HP Holzreiniger Plus de Proff pour Reparatur. Un produit id\u00e9al pour l'entretien de votre rev\u00eatement de sol, disponible chez Floor Shop.","og_url":"https:\/\/floor-shop.ch\/de\/nos-produits\/hp-holzreiniger-plus\/","og_site_name":"Floor Shop","og_image":[{"width":300,"height":300,"url":"https:\/\/floor-shop.ch\/wp-content\/uploads\/2024\/08\/15.png","type":"image\/png"}],"twitter_card":"summary_large_image","schema":{"@context":"https:\/\/schema.org","@graph":[{"@type":"WebPage","@id":"https:\/\/floor-shop.ch\/de\/nos-produits\/hp-holzreiniger-plus\/","url":"https:\/\/floor-shop.ch\/de\/nos-produits\/hp-holzreiniger-plus\/","name":"HP Holzreiniger Plus - Floor Shop","isPartOf":{"@id":"https:\/\/floor-shop.ch\/de\/#website"},"primaryImageOfPage":{"@id":"https:\/\/floor-shop.ch\/de\/nos-produits\/hp-holzreiniger-plus\/#primaryimage"},"image":{"@id":"https:\/\/floor-shop.ch\/de\/nos-produits\/hp-holzreiniger-plus\/#primaryimage"},"thumbnailUrl":"https:\/\/floor-shop.ch\/wp-content\/uploads\/2024\/08\/15.png","datePublished":"2024-08-09T09:03:26+00:00","description":"D\u00e9couvrez HP Holzreiniger Plus de Proff pour Reparatur. Un produit id\u00e9al pour l'entretien de votre rev\u00eatement de sol, disponible chez Floor Shop.","breadcrumb":{"@id":"https:\/\/floor-shop.ch\/de\/nos-produits\/hp-holzreiniger-plus\/#breadcrumb"},"inLanguage":"de","potentialAction":[{"@type":"ReadAction","target":["https:\/\/floor-shop.ch\/de\/nos-produits\/hp-holzreiniger-plus\/"]}]},{"@type":"ImageObject","inLanguage":"de","@id":"https:\/\/floor-shop.ch\/de\/nos-produits\/hp-holzreiniger-plus\/#primaryimage","url":"https:\/\/floor-shop.ch\/wp-content\/uploads\/2024\/08\/15.png","contentUrl":"https:\/\/floor-shop.ch\/wp-content\/uploads\/2024\/08\/15.png","width":300,"height":300,"caption":"HP Nettoyant pour bois Plus Prooff"},{"@type":"BreadcrumbList","@id":"https:\/\/floor-shop.ch\/de\/nos-produits\/hp-holzreiniger-plus\/#breadcrumb","itemListElement":[{"@type":"ListItem","position":1,"name":"Accueil","item":"https:\/\/floor-shop.ch\/de\/pflegeprodukt-fuer-bodenbelaege\/"},{"@type":"ListItem","position":2,"name":"Unsere Produkte","item":"https:\/\/floor-shop.ch\/de\/unsere-produkte\/"},{"@type":"ListItem","position":3,"name":"HP Holzreiniger Plus"}]},{"@type":"WebSite","@id":"https:\/\/floor-shop.ch\/de\/#website","url":"https:\/\/floor-shop.ch\/de\/","name":"Floor Shop","description":"","publisher":{"@id":"https:\/\/floor-shop.ch\/de\/#organization"},"potentialAction":[{"@type":"SearchAction","target":{"@type":"EntryPoint","urlTemplate":"https:\/\/floor-shop.ch\/de\/?s={search_term_string}"},"query-input":{"@type":"PropertyValueSpecification","valueRequired":true,"valueName":"search_term_string"}}],"inLanguage":"de"},{"@type":"Organization","@id":"https:\/\/floor-shop.ch\/de\/#organization","name":"Floor Shop","url":"https:\/\/floor-shop.ch\/de\/","logo":{"@type":"ImageObject","inLanguage":"de","@id":"https:\/\/floor-shop.ch\/de\/#\/schema\/logo\/image\/","url":"https:\/\/floor-shop.ch\/wp-content\/uploads\/2024\/04\/FloorShop-logo.svg","contentUrl":"https:\/\/floor-shop.ch\/wp-content\/uploads\/2024\/04\/FloorShop-logo.svg","width":500,"height":500,"caption":"Floor Shop"},"image":{"@id":"https:\/\/floor-shop.ch\/de\/#\/schema\/logo\/image\/"}}]}},"_links":{"self":[{"href":"https:\/\/floor-shop.ch\/de\/wp-json\/wp\/v2\/product\/1373","targetHints":{"allow":["GET"]}}],"collection":[{"href":"https:\/\/floor-shop.ch\/de\/wp-json\/wp\/v2\/product"}],"about":[{"href":"https:\/\/floor-shop.ch\/de\/wp-json\/wp\/v2\/types\/product"}],"wp:featuredmedia":[{"embeddable":true,"href":"https:\/\/floor-shop.ch\/de\/wp-json\/wp\/v2\/media\/1556"}],"wp:attachment":[{"href":"https:\/\/floor-shop.ch\/de\/wp-json\/wp\/v2\/media?parent=1373"}],"wp:term":[{"taxonomy":"product_brand","embeddable":true,"href":"https:\/\/floor-shop.ch\/de\/wp-json\/wp\/v2\/product_brand?post=1373"},{"taxonomy":"product_cat","embeddable":true,"href":"https:\/\/floor-shop.ch\/de\/wp-json\/wp\/v2\/product_cat?post=1373"},{"taxonomy":"product_tag","embeddable":true,"href":"https:\/\/floor-shop.ch\/de\/wp-json\/wp\/v2\/product_tag?post=1373"}],"curies":[{"name":"wp","href":"https:\/\/api.w.org\/{rel}","templated":true}]}}