{"id":1374,"date":"2024-08-09T17:01:47","date_gmt":"2024-08-09T15:01:47","guid":{"rendered":"https:\/\/floor-shop.ch\/nos-produits\/holzboden-seife\/"},"modified":"2024-08-09T17:01:47","modified_gmt":"2024-08-09T15:01:47","slug":"holzboden-seife","status":"publish","type":"product","link":"https:\/\/floor-shop.ch\/de\/nos-produits\/holzboden-seife\/","title":{"rendered":"Holzboden-Seife"},"content":{"rendered":"<ul>\n<li>F\u00fcr die Reinigung und Pflege von Holzb\u00f6den<\/li>\n<li>Parf\u00fcm- und l\u00f6sungsmittelfrei<\/li>\n<li>1 Liter (Mischungsverh\u00e4ltnis 1\/10)<\/li>\n<\/ul>\n","protected":false},"excerpt":{"rendered":"<p>Die PROFF Woodcare Holzbodenseife wurde mit verseiften Kokos- und Soja\u00f6len formuliert und ist frei von Duftstoffen und L\u00f6sungsmitteln. Die Holzbodenseife ist r\u00fcckfettend und sorgt f\u00fcr eine einfache und sanfte Reinigung. Die Seife f\u00fcr Naturholzb\u00f6den wird auf B\u00f6den verwendet, die mit neutralem, gef\u00e4rbtem oder geseiftem \u00d6l behandelt wurden.  <\/p>\n","protected":false},"featured_media":1317,"template":"","meta":{"_acf_changed":false},"product_brand":[],"product_cat":[79],"product_tag":[84],"class_list":{"0":"post-1374","1":"product","2":"type-product","3":"status-publish","4":"has-post-thumbnail","6":"product_cat-reinigung","7":"product_tag-classique-de","9":"first","10":"instock","11":"taxable","12":"shipping-taxable","13":"purchasable","14":"product-type-simple"},"acf":[],"yoast_head":"<!-- This site is optimized with the Yoast SEO plugin v26.7 - https:\/\/yoast.com\/wordpress\/plugins\/seo\/ -->\n<title>Holzboden-Seife - Floor Shop<\/title>\n<meta name=\"description\" content=\"D\u00e9couvrez Holzboden-Seife de Proff pour Reinigung. Un produit id\u00e9al pour l&#039;entretien de votre rev\u00eatement de sol, disponible chez Floor Shop.\" \/>\n<meta name=\"robots\" content=\"index, follow, max-snippet:-1, max-image-preview:large, max-video-preview:-1\" \/>\n<link rel=\"canonical\" href=\"https:\/\/floor-shop.ch\/de\/nos-produits\/holzboden-seife\/\" \/>\n<meta property=\"og:locale\" content=\"de_DE\" \/>\n<meta property=\"og:type\" content=\"article\" \/>\n<meta property=\"og:title\" content=\"Holzboden-Seife - Floor Shop\" \/>\n<meta property=\"og:description\" content=\"D\u00e9couvrez Holzboden-Seife de Proff pour Reinigung. Un produit id\u00e9al pour l&#039;entretien de votre rev\u00eatement de sol, disponible chez Floor Shop.\" \/>\n<meta property=\"og:url\" content=\"https:\/\/floor-shop.ch\/de\/nos-produits\/holzboden-seife\/\" \/>\n<meta property=\"og:site_name\" content=\"Floor Shop\" \/>\n<meta property=\"og:image\" content=\"https:\/\/floor-shop.ch\/wp-content\/uploads\/2024\/08\/d29f724a45ead59fbed342a9b3ad72f4_XL.png\" \/>\n\t<meta property=\"og:image:width\" content=\"800\" \/>\n\t<meta property=\"og:image:height\" content=\"800\" \/>\n\t<meta property=\"og:image:type\" content=\"image\/png\" \/>\n<meta name=\"twitter:card\" content=\"summary_large_image\" \/>\n<script type=\"application\/ld+json\" class=\"yoast-schema-graph\">{\"@context\":\"https:\/\/schema.org\",\"@graph\":[{\"@type\":\"WebPage\",\"@id\":\"https:\/\/floor-shop.ch\/de\/nos-produits\/holzboden-seife\/\",\"url\":\"https:\/\/floor-shop.ch\/de\/nos-produits\/holzboden-seife\/\",\"name\":\"Holzboden-Seife - Floor Shop\",\"isPartOf\":{\"@id\":\"https:\/\/floor-shop.ch\/de\/#website\"},\"primaryImageOfPage\":{\"@id\":\"https:\/\/floor-shop.ch\/de\/nos-produits\/holzboden-seife\/#primaryimage\"},\"image\":{\"@id\":\"https:\/\/floor-shop.ch\/de\/nos-produits\/holzboden-seife\/#primaryimage\"},\"thumbnailUrl\":\"https:\/\/floor-shop.ch\/wp-content\/uploads\/2024\/08\/d29f724a45ead59fbed342a9b3ad72f4_XL.png\",\"datePublished\":\"2024-08-09T15:01:47+00:00\",\"description\":\"D\u00e9couvrez Holzboden-Seife de Proff pour Reinigung. Un produit id\u00e9al pour l'entretien de votre rev\u00eatement de sol, disponible chez Floor Shop.\",\"breadcrumb\":{\"@id\":\"https:\/\/floor-shop.ch\/de\/nos-produits\/holzboden-seife\/#breadcrumb\"},\"inLanguage\":\"de\",\"potentialAction\":[{\"@type\":\"ReadAction\",\"target\":[\"https:\/\/floor-shop.ch\/de\/nos-produits\/holzboden-seife\/\"]}]},{\"@type\":\"ImageObject\",\"inLanguage\":\"de\",\"@id\":\"https:\/\/floor-shop.ch\/de\/nos-produits\/holzboden-seife\/#primaryimage\",\"url\":\"https:\/\/floor-shop.ch\/wp-content\/uploads\/2024\/08\/d29f724a45ead59fbed342a9b3ad72f4_XL.png\",\"contentUrl\":\"https:\/\/floor-shop.ch\/wp-content\/uploads\/2024\/08\/d29f724a45ead59fbed342a9b3ad72f4_XL.png\",\"width\":800,\"height\":800},{\"@type\":\"BreadcrumbList\",\"@id\":\"https:\/\/floor-shop.ch\/de\/nos-produits\/holzboden-seife\/#breadcrumb\",\"itemListElement\":[{\"@type\":\"ListItem\",\"position\":1,\"name\":\"Accueil\",\"item\":\"https:\/\/floor-shop.ch\/de\/pflegeprodukt-fuer-bodenbelaege\/\"},{\"@type\":\"ListItem\",\"position\":2,\"name\":\"Unsere Produkte\",\"item\":\"https:\/\/floor-shop.ch\/de\/unsere-produkte\/\"},{\"@type\":\"ListItem\",\"position\":3,\"name\":\"Holzboden-Seife\"}]},{\"@type\":\"WebSite\",\"@id\":\"https:\/\/floor-shop.ch\/de\/#website\",\"url\":\"https:\/\/floor-shop.ch\/de\/\",\"name\":\"Floor Shop\",\"description\":\"\",\"publisher\":{\"@id\":\"https:\/\/floor-shop.ch\/de\/#organization\"},\"potentialAction\":[{\"@type\":\"SearchAction\",\"target\":{\"@type\":\"EntryPoint\",\"urlTemplate\":\"https:\/\/floor-shop.ch\/de\/?s={search_term_string}\"},\"query-input\":{\"@type\":\"PropertyValueSpecification\",\"valueRequired\":true,\"valueName\":\"search_term_string\"}}],\"inLanguage\":\"de\"},{\"@type\":\"Organization\",\"@id\":\"https:\/\/floor-shop.ch\/de\/#organization\",\"name\":\"Floor Shop\",\"url\":\"https:\/\/floor-shop.ch\/de\/\",\"logo\":{\"@type\":\"ImageObject\",\"inLanguage\":\"de\",\"@id\":\"https:\/\/floor-shop.ch\/de\/#\/schema\/logo\/image\/\",\"url\":\"https:\/\/floor-shop.ch\/wp-content\/uploads\/2024\/04\/FloorShop-logo.svg\",\"contentUrl\":\"https:\/\/floor-shop.ch\/wp-content\/uploads\/2024\/04\/FloorShop-logo.svg\",\"width\":500,\"height\":500,\"caption\":\"Floor Shop\"},\"image\":{\"@id\":\"https:\/\/floor-shop.ch\/de\/#\/schema\/logo\/image\/\"}}]}<\/script>\n<!-- \/ Yoast SEO plugin. -->","yoast_head_json":{"title":"Holzboden-Seife - Floor Shop","description":"D\u00e9couvrez Holzboden-Seife de Proff pour Reinigung. Un produit id\u00e9al pour l'entretien de votre rev\u00eatement de sol, disponible chez Floor Shop.","robots":{"index":"index","follow":"follow","max-snippet":"max-snippet:-1","max-image-preview":"max-image-preview:large","max-video-preview":"max-video-preview:-1"},"canonical":"https:\/\/floor-shop.ch\/de\/nos-produits\/holzboden-seife\/","og_locale":"de_DE","og_type":"article","og_title":"Holzboden-Seife - Floor Shop","og_description":"D\u00e9couvrez Holzboden-Seife de Proff pour Reinigung. Un produit id\u00e9al pour l'entretien de votre rev\u00eatement de sol, disponible chez Floor Shop.","og_url":"https:\/\/floor-shop.ch\/de\/nos-produits\/holzboden-seife\/","og_site_name":"Floor Shop","og_image":[{"width":800,"height":800,"url":"https:\/\/floor-shop.ch\/wp-content\/uploads\/2024\/08\/d29f724a45ead59fbed342a9b3ad72f4_XL.png","type":"image\/png"}],"twitter_card":"summary_large_image","schema":{"@context":"https:\/\/schema.org","@graph":[{"@type":"WebPage","@id":"https:\/\/floor-shop.ch\/de\/nos-produits\/holzboden-seife\/","url":"https:\/\/floor-shop.ch\/de\/nos-produits\/holzboden-seife\/","name":"Holzboden-Seife - Floor Shop","isPartOf":{"@id":"https:\/\/floor-shop.ch\/de\/#website"},"primaryImageOfPage":{"@id":"https:\/\/floor-shop.ch\/de\/nos-produits\/holzboden-seife\/#primaryimage"},"image":{"@id":"https:\/\/floor-shop.ch\/de\/nos-produits\/holzboden-seife\/#primaryimage"},"thumbnailUrl":"https:\/\/floor-shop.ch\/wp-content\/uploads\/2024\/08\/d29f724a45ead59fbed342a9b3ad72f4_XL.png","datePublished":"2024-08-09T15:01:47+00:00","description":"D\u00e9couvrez Holzboden-Seife de Proff pour Reinigung. Un produit id\u00e9al pour l'entretien de votre rev\u00eatement de sol, disponible chez Floor Shop.","breadcrumb":{"@id":"https:\/\/floor-shop.ch\/de\/nos-produits\/holzboden-seife\/#breadcrumb"},"inLanguage":"de","potentialAction":[{"@type":"ReadAction","target":["https:\/\/floor-shop.ch\/de\/nos-produits\/holzboden-seife\/"]}]},{"@type":"ImageObject","inLanguage":"de","@id":"https:\/\/floor-shop.ch\/de\/nos-produits\/holzboden-seife\/#primaryimage","url":"https:\/\/floor-shop.ch\/wp-content\/uploads\/2024\/08\/d29f724a45ead59fbed342a9b3ad72f4_XL.png","contentUrl":"https:\/\/floor-shop.ch\/wp-content\/uploads\/2024\/08\/d29f724a45ead59fbed342a9b3ad72f4_XL.png","width":800,"height":800},{"@type":"BreadcrumbList","@id":"https:\/\/floor-shop.ch\/de\/nos-produits\/holzboden-seife\/#breadcrumb","itemListElement":[{"@type":"ListItem","position":1,"name":"Accueil","item":"https:\/\/floor-shop.ch\/de\/pflegeprodukt-fuer-bodenbelaege\/"},{"@type":"ListItem","position":2,"name":"Unsere Produkte","item":"https:\/\/floor-shop.ch\/de\/unsere-produkte\/"},{"@type":"ListItem","position":3,"name":"Holzboden-Seife"}]},{"@type":"WebSite","@id":"https:\/\/floor-shop.ch\/de\/#website","url":"https:\/\/floor-shop.ch\/de\/","name":"Floor Shop","description":"","publisher":{"@id":"https:\/\/floor-shop.ch\/de\/#organization"},"potentialAction":[{"@type":"SearchAction","target":{"@type":"EntryPoint","urlTemplate":"https:\/\/floor-shop.ch\/de\/?s={search_term_string}"},"query-input":{"@type":"PropertyValueSpecification","valueRequired":true,"valueName":"search_term_string"}}],"inLanguage":"de"},{"@type":"Organization","@id":"https:\/\/floor-shop.ch\/de\/#organization","name":"Floor Shop","url":"https:\/\/floor-shop.ch\/de\/","logo":{"@type":"ImageObject","inLanguage":"de","@id":"https:\/\/floor-shop.ch\/de\/#\/schema\/logo\/image\/","url":"https:\/\/floor-shop.ch\/wp-content\/uploads\/2024\/04\/FloorShop-logo.svg","contentUrl":"https:\/\/floor-shop.ch\/wp-content\/uploads\/2024\/04\/FloorShop-logo.svg","width":500,"height":500,"caption":"Floor Shop"},"image":{"@id":"https:\/\/floor-shop.ch\/de\/#\/schema\/logo\/image\/"}}]}},"_links":{"self":[{"href":"https:\/\/floor-shop.ch\/de\/wp-json\/wp\/v2\/product\/1374","targetHints":{"allow":["GET"]}}],"collection":[{"href":"https:\/\/floor-shop.ch\/de\/wp-json\/wp\/v2\/product"}],"about":[{"href":"https:\/\/floor-shop.ch\/de\/wp-json\/wp\/v2\/types\/product"}],"wp:featuredmedia":[{"embeddable":true,"href":"https:\/\/floor-shop.ch\/de\/wp-json\/wp\/v2\/media\/1317"}],"wp:attachment":[{"href":"https:\/\/floor-shop.ch\/de\/wp-json\/wp\/v2\/media?parent=1374"}],"wp:term":[{"taxonomy":"product_brand","embeddable":true,"href":"https:\/\/floor-shop.ch\/de\/wp-json\/wp\/v2\/product_brand?post=1374"},{"taxonomy":"product_cat","embeddable":true,"href":"https:\/\/floor-shop.ch\/de\/wp-json\/wp\/v2\/product_cat?post=1374"},{"taxonomy":"product_tag","embeddable":true,"href":"https:\/\/floor-shop.ch\/de\/wp-json\/wp\/v2\/product_tag?post=1374"}],"curies":[{"name":"wp","href":"https:\/\/api.w.org\/{rel}","templated":true}]}}