{"id":761,"date":"2024-04-05T16:01:35","date_gmt":"2024-04-05T14:01:35","guid":{"rendered":"https:\/\/floor-shop.ch\/produit\/kaehrs-satinoel\/"},"modified":"2025-12-09T11:53:07","modified_gmt":"2025-12-09T10:53:07","slug":"kaehrs-satinoel","status":"publish","type":"product","link":"https:\/\/floor-shop.ch\/de\/nos-produits\/kaehrs-satinoel\/","title":{"rendered":"K\u00e4hrs Satin\u00f6l"},"content":{"rendered":"<p>K\u00e4hrs \u00d6l Satin ist ein h\u00e4rtendes \u00d6l auf Urethanbasis zur Pflege von Holz- und Parkettb\u00f6den. Es verleiht dem Boden eine sch\u00fctzende \u00d6lschicht und ein elegantes, mattes Finish. Es sch\u00fctzt den Boden, indem es tief eindringt.<\/p>\n","protected":false},"excerpt":{"rendered":"<p>Satin\u00f6l <strong>matt<\/strong> ist ein Pflege\u00f6l, das nach dem Verlegen eines Parkettbodens oder wenn der Boden trocken ist, aufgetragen wird.<\/p>\n","protected":false},"featured_media":517,"template":"","meta":{"_acf_changed":false},"product_brand":[],"product_cat":[78],"product_tag":[82],"class_list":{"0":"post-761","1":"product","2":"type-product","3":"status-publish","4":"has-post-thumbnail","6":"product_cat-pflege","7":"product_tag-correspondance-de","9":"first","10":"instock","11":"taxable","12":"shipping-taxable","13":"purchasable","14":"product-type-variable"},"acf":[],"yoast_head":"<!-- This site is optimized with the Yoast SEO plugin v26.7 - https:\/\/yoast.com\/wordpress\/plugins\/seo\/ -->\n<title>K\u00e4hrs Satin\u00f6l - Floor Shop<\/title>\n<meta name=\"description\" content=\"D\u00e9couvrez K\u00e4hrs Satin\u00f6l de K\u00e4hrs pour Pflege. Un produit id\u00e9al pour l&#039;entretien de votre rev\u00eatement de sol, disponible chez Floor Shop.\" \/>\n<meta name=\"robots\" content=\"index, follow, max-snippet:-1, max-image-preview:large, max-video-preview:-1\" \/>\n<link rel=\"canonical\" href=\"https:\/\/floor-shop.ch\/de\/nos-produits\/kaehrs-satinoel\/\" \/>\n<meta property=\"og:locale\" content=\"de_DE\" \/>\n<meta property=\"og:type\" content=\"article\" \/>\n<meta property=\"og:title\" content=\"K\u00e4hrs Satin\u00f6l - Floor Shop\" \/>\n<meta property=\"og:description\" content=\"D\u00e9couvrez K\u00e4hrs Satin\u00f6l de K\u00e4hrs pour Pflege. Un produit id\u00e9al pour l&#039;entretien de votre rev\u00eatement de sol, disponible chez Floor Shop.\" \/>\n<meta property=\"og:url\" content=\"https:\/\/floor-shop.ch\/de\/nos-produits\/kaehrs-satinoel\/\" \/>\n<meta property=\"og:site_name\" content=\"Floor Shop\" \/>\n<meta property=\"article:modified_time\" content=\"2025-12-09T10:53:07+00:00\" \/>\n<meta property=\"og:image\" content=\"https:\/\/floor-shop.ch\/wp-content\/uploads\/2024\/04\/4-1.png\" \/>\n\t<meta property=\"og:image:width\" content=\"300\" \/>\n\t<meta property=\"og:image:height\" content=\"300\" \/>\n\t<meta property=\"og:image:type\" content=\"image\/png\" \/>\n<meta name=\"twitter:card\" content=\"summary_large_image\" \/>\n<script type=\"application\/ld+json\" class=\"yoast-schema-graph\">{\"@context\":\"https:\/\/schema.org\",\"@graph\":[{\"@type\":\"WebPage\",\"@id\":\"https:\/\/floor-shop.ch\/de\/nos-produits\/kaehrs-satinoel\/\",\"url\":\"https:\/\/floor-shop.ch\/de\/nos-produits\/kaehrs-satinoel\/\",\"name\":\"K\u00e4hrs Satin\u00f6l - Floor Shop\",\"isPartOf\":{\"@id\":\"https:\/\/floor-shop.ch\/de\/#website\"},\"primaryImageOfPage\":{\"@id\":\"https:\/\/floor-shop.ch\/de\/nos-produits\/kaehrs-satinoel\/#primaryimage\"},\"image\":{\"@id\":\"https:\/\/floor-shop.ch\/de\/nos-produits\/kaehrs-satinoel\/#primaryimage\"},\"thumbnailUrl\":\"https:\/\/floor-shop.ch\/wp-content\/uploads\/2024\/04\/4-1.png\",\"datePublished\":\"2024-04-05T14:01:35+00:00\",\"dateModified\":\"2025-12-09T10:53:07+00:00\",\"description\":\"D\u00e9couvrez K\u00e4hrs Satin\u00f6l de K\u00e4hrs pour Pflege. Un produit id\u00e9al pour l'entretien de votre rev\u00eatement de sol, disponible chez Floor Shop.\",\"breadcrumb\":{\"@id\":\"https:\/\/floor-shop.ch\/de\/nos-produits\/kaehrs-satinoel\/#breadcrumb\"},\"inLanguage\":\"de\",\"potentialAction\":[{\"@type\":\"ReadAction\",\"target\":[\"https:\/\/floor-shop.ch\/de\/nos-produits\/kaehrs-satinoel\/\"]}]},{\"@type\":\"ImageObject\",\"inLanguage\":\"de\",\"@id\":\"https:\/\/floor-shop.ch\/de\/nos-produits\/kaehrs-satinoel\/#primaryimage\",\"url\":\"https:\/\/floor-shop.ch\/wp-content\/uploads\/2024\/04\/4-1.png\",\"contentUrl\":\"https:\/\/floor-shop.ch\/wp-content\/uploads\/2024\/04\/4-1.png\",\"width\":300,\"height\":300,\"caption\":\"Huile d'entretien satin naturelle de K\u00e4hrs\"},{\"@type\":\"BreadcrumbList\",\"@id\":\"https:\/\/floor-shop.ch\/de\/nos-produits\/kaehrs-satinoel\/#breadcrumb\",\"itemListElement\":[{\"@type\":\"ListItem\",\"position\":1,\"name\":\"Accueil\",\"item\":\"https:\/\/floor-shop.ch\/de\/pflegeprodukt-fuer-bodenbelaege\/\"},{\"@type\":\"ListItem\",\"position\":2,\"name\":\"Unsere Produkte\",\"item\":\"https:\/\/floor-shop.ch\/de\/unsere-produkte\/\"},{\"@type\":\"ListItem\",\"position\":3,\"name\":\"K\u00e4hrs Satin\u00f6l\"}]},{\"@type\":\"WebSite\",\"@id\":\"https:\/\/floor-shop.ch\/de\/#website\",\"url\":\"https:\/\/floor-shop.ch\/de\/\",\"name\":\"Floor Shop\",\"description\":\"\",\"publisher\":{\"@id\":\"https:\/\/floor-shop.ch\/de\/#organization\"},\"potentialAction\":[{\"@type\":\"SearchAction\",\"target\":{\"@type\":\"EntryPoint\",\"urlTemplate\":\"https:\/\/floor-shop.ch\/de\/?s={search_term_string}\"},\"query-input\":{\"@type\":\"PropertyValueSpecification\",\"valueRequired\":true,\"valueName\":\"search_term_string\"}}],\"inLanguage\":\"de\"},{\"@type\":\"Organization\",\"@id\":\"https:\/\/floor-shop.ch\/de\/#organization\",\"name\":\"Floor Shop\",\"url\":\"https:\/\/floor-shop.ch\/de\/\",\"logo\":{\"@type\":\"ImageObject\",\"inLanguage\":\"de\",\"@id\":\"https:\/\/floor-shop.ch\/de\/#\/schema\/logo\/image\/\",\"url\":\"https:\/\/floor-shop.ch\/wp-content\/uploads\/2024\/04\/FloorShop-logo.svg\",\"contentUrl\":\"https:\/\/floor-shop.ch\/wp-content\/uploads\/2024\/04\/FloorShop-logo.svg\",\"width\":500,\"height\":500,\"caption\":\"Floor Shop\"},\"image\":{\"@id\":\"https:\/\/floor-shop.ch\/de\/#\/schema\/logo\/image\/\"}}]}<\/script>\n<!-- \/ Yoast SEO plugin. -->","yoast_head_json":{"title":"K\u00e4hrs Satin\u00f6l - Floor Shop","description":"D\u00e9couvrez K\u00e4hrs Satin\u00f6l de K\u00e4hrs pour Pflege. Un produit id\u00e9al pour l'entretien de votre rev\u00eatement de sol, disponible chez Floor Shop.","robots":{"index":"index","follow":"follow","max-snippet":"max-snippet:-1","max-image-preview":"max-image-preview:large","max-video-preview":"max-video-preview:-1"},"canonical":"https:\/\/floor-shop.ch\/de\/nos-produits\/kaehrs-satinoel\/","og_locale":"de_DE","og_type":"article","og_title":"K\u00e4hrs Satin\u00f6l - Floor Shop","og_description":"D\u00e9couvrez K\u00e4hrs Satin\u00f6l de K\u00e4hrs pour Pflege. Un produit id\u00e9al pour l'entretien de votre rev\u00eatement de sol, disponible chez Floor Shop.","og_url":"https:\/\/floor-shop.ch\/de\/nos-produits\/kaehrs-satinoel\/","og_site_name":"Floor Shop","article_modified_time":"2025-12-09T10:53:07+00:00","og_image":[{"width":300,"height":300,"url":"https:\/\/floor-shop.ch\/wp-content\/uploads\/2024\/04\/4-1.png","type":"image\/png"}],"twitter_card":"summary_large_image","schema":{"@context":"https:\/\/schema.org","@graph":[{"@type":"WebPage","@id":"https:\/\/floor-shop.ch\/de\/nos-produits\/kaehrs-satinoel\/","url":"https:\/\/floor-shop.ch\/de\/nos-produits\/kaehrs-satinoel\/","name":"K\u00e4hrs Satin\u00f6l - Floor Shop","isPartOf":{"@id":"https:\/\/floor-shop.ch\/de\/#website"},"primaryImageOfPage":{"@id":"https:\/\/floor-shop.ch\/de\/nos-produits\/kaehrs-satinoel\/#primaryimage"},"image":{"@id":"https:\/\/floor-shop.ch\/de\/nos-produits\/kaehrs-satinoel\/#primaryimage"},"thumbnailUrl":"https:\/\/floor-shop.ch\/wp-content\/uploads\/2024\/04\/4-1.png","datePublished":"2024-04-05T14:01:35+00:00","dateModified":"2025-12-09T10:53:07+00:00","description":"D\u00e9couvrez K\u00e4hrs Satin\u00f6l de K\u00e4hrs pour Pflege. Un produit id\u00e9al pour l'entretien de votre rev\u00eatement de sol, disponible chez Floor Shop.","breadcrumb":{"@id":"https:\/\/floor-shop.ch\/de\/nos-produits\/kaehrs-satinoel\/#breadcrumb"},"inLanguage":"de","potentialAction":[{"@type":"ReadAction","target":["https:\/\/floor-shop.ch\/de\/nos-produits\/kaehrs-satinoel\/"]}]},{"@type":"ImageObject","inLanguage":"de","@id":"https:\/\/floor-shop.ch\/de\/nos-produits\/kaehrs-satinoel\/#primaryimage","url":"https:\/\/floor-shop.ch\/wp-content\/uploads\/2024\/04\/4-1.png","contentUrl":"https:\/\/floor-shop.ch\/wp-content\/uploads\/2024\/04\/4-1.png","width":300,"height":300,"caption":"Huile d'entretien satin naturelle de K\u00e4hrs"},{"@type":"BreadcrumbList","@id":"https:\/\/floor-shop.ch\/de\/nos-produits\/kaehrs-satinoel\/#breadcrumb","itemListElement":[{"@type":"ListItem","position":1,"name":"Accueil","item":"https:\/\/floor-shop.ch\/de\/pflegeprodukt-fuer-bodenbelaege\/"},{"@type":"ListItem","position":2,"name":"Unsere Produkte","item":"https:\/\/floor-shop.ch\/de\/unsere-produkte\/"},{"@type":"ListItem","position":3,"name":"K\u00e4hrs Satin\u00f6l"}]},{"@type":"WebSite","@id":"https:\/\/floor-shop.ch\/de\/#website","url":"https:\/\/floor-shop.ch\/de\/","name":"Floor Shop","description":"","publisher":{"@id":"https:\/\/floor-shop.ch\/de\/#organization"},"potentialAction":[{"@type":"SearchAction","target":{"@type":"EntryPoint","urlTemplate":"https:\/\/floor-shop.ch\/de\/?s={search_term_string}"},"query-input":{"@type":"PropertyValueSpecification","valueRequired":true,"valueName":"search_term_string"}}],"inLanguage":"de"},{"@type":"Organization","@id":"https:\/\/floor-shop.ch\/de\/#organization","name":"Floor Shop","url":"https:\/\/floor-shop.ch\/de\/","logo":{"@type":"ImageObject","inLanguage":"de","@id":"https:\/\/floor-shop.ch\/de\/#\/schema\/logo\/image\/","url":"https:\/\/floor-shop.ch\/wp-content\/uploads\/2024\/04\/FloorShop-logo.svg","contentUrl":"https:\/\/floor-shop.ch\/wp-content\/uploads\/2024\/04\/FloorShop-logo.svg","width":500,"height":500,"caption":"Floor Shop"},"image":{"@id":"https:\/\/floor-shop.ch\/de\/#\/schema\/logo\/image\/"}}]}},"_links":{"self":[{"href":"https:\/\/floor-shop.ch\/de\/wp-json\/wp\/v2\/product\/761","targetHints":{"allow":["GET"]}}],"collection":[{"href":"https:\/\/floor-shop.ch\/de\/wp-json\/wp\/v2\/product"}],"about":[{"href":"https:\/\/floor-shop.ch\/de\/wp-json\/wp\/v2\/types\/product"}],"wp:featuredmedia":[{"embeddable":true,"href":"https:\/\/floor-shop.ch\/de\/wp-json\/wp\/v2\/media\/517"}],"wp:attachment":[{"href":"https:\/\/floor-shop.ch\/de\/wp-json\/wp\/v2\/media?parent=761"}],"wp:term":[{"taxonomy":"product_brand","embeddable":true,"href":"https:\/\/floor-shop.ch\/de\/wp-json\/wp\/v2\/product_brand?post=761"},{"taxonomy":"product_cat","embeddable":true,"href":"https:\/\/floor-shop.ch\/de\/wp-json\/wp\/v2\/product_cat?post=761"},{"taxonomy":"product_tag","embeddable":true,"href":"https:\/\/floor-shop.ch\/de\/wp-json\/wp\/v2\/product_tag?post=761"}],"curies":[{"name":"wp","href":"https:\/\/api.w.org\/{rel}","templated":true}]}}