{"id":771,"date":"2024-04-08T08:47:39","date_gmt":"2024-04-08T06:47:39","guid":{"rendered":"https:\/\/floor-shop.ch\/produit\/kaehrs-cleaner\/"},"modified":"2024-10-23T15:46:50","modified_gmt":"2024-10-23T13:46:50","slug":"kaehrs-cleaner","status":"publish","type":"product","link":"https:\/\/floor-shop.ch\/de\/nos-produits\/kaehrs-cleaner\/","title":{"rendered":"K\u00e4hrs Cleaner"},"content":{"rendered":"<p>REGELM\u00c4SSIGE PFLEGE Um den K\u00e4hrs Cleaner zu verwenden, empfehlen wir Ihnen, die Oberfl\u00e4che mit einem Staubsauger oder einem trockenen Wischmopp auf Staub und andere R\u00fcckst\u00e4nde zu \u00fcberpr\u00fcfen, die sie zerkratzen k\u00f6nnten. L\u00f6sen Sie den Reiniger entsprechend der auf der Flasche angegebenen Dosierung in lauwarmem Wasser auf. Wischen Sie den Boden von Zeit zu Zeit mit einem gut ausgewrungenen Mopp oder einem Wischmopp. Der Boden sollte nur leicht feucht sein. Der Wasserfilm, der nach dem Wischen zur\u00fcckbleibt, sollte innerhalb einer Minute trocknen. Hinterlassen Sie keine Wasserr\u00fcckst\u00e4nde, insbesondere auf einem Boden aus kanadischer Buche oder Ahorn, da diese Holzarten noch empfindlicher auf Feuchtigkeit reagieren. Die H\u00e4ufigkeit des Wischens h\u00e4ngt von der Nutzung und dem Verschmutzungsgrad des Bodens ab. Hinweis: Giessen Sie niemals Wasser auf den Boden. erwenden Sie stattdessen ein mit Wasser getr\u00e4nktes und gut ausgewrungenes Tuch.<\/p>\n","protected":false},"excerpt":{"rendered":"<p>K\u00e4hrs Cleaner ist ein wirksames Reinigungsmittel f\u00fcr lackierte B\u00f6den und Vinyl. Effektiv und umweltfreundlich speziell f\u00fcr die Reinigung von Holzb\u00f6den.  Es enth\u00e4lt keine organischen L\u00f6sungsmittel oder Pigmente.<\/p>\n","protected":false},"featured_media":513,"template":"","meta":{"_acf_changed":false},"product_brand":[],"product_cat":[78,79],"product_tag":[84],"class_list":{"0":"post-771","1":"product","2":"type-product","3":"status-publish","4":"has-post-thumbnail","6":"product_cat-pflege","7":"product_cat-reinigung","8":"product_tag-classique-de","10":"first","11":"instock","12":"taxable","13":"shipping-taxable","14":"purchasable","15":"product-type-simple"},"acf":[],"yoast_head":"<!-- This site is optimized with the Yoast SEO plugin v27.5 - https:\/\/yoast.com\/product\/yoast-seo-wordpress\/ -->\n<title>K\u00e4hrs Cleaner - Floor Shop<\/title>\n<meta name=\"description\" content=\"D\u00e9couvrez K\u00e4hrs Cleaner de K\u00e4hrs pour Pflege, Reinigung. Un produit id\u00e9al pour l&#039;entretien de votre rev\u00eatement de sol, disponible chez Floor Shop.\" \/>\n<meta name=\"robots\" content=\"index, follow, max-snippet:-1, max-image-preview:large, max-video-preview:-1\" \/>\n<link rel=\"canonical\" href=\"https:\/\/floor-shop.ch\/de\/nos-produits\/kaehrs-cleaner\/\" \/>\n<meta property=\"og:locale\" content=\"de_DE\" \/>\n<meta property=\"og:type\" content=\"article\" \/>\n<meta property=\"og:title\" content=\"K\u00e4hrs Cleaner - Floor Shop\" \/>\n<meta property=\"og:description\" content=\"D\u00e9couvrez K\u00e4hrs Cleaner de K\u00e4hrs pour Pflege, Reinigung. Un produit id\u00e9al pour l&#039;entretien de votre rev\u00eatement de sol, disponible chez Floor Shop.\" \/>\n<meta property=\"og:url\" content=\"https:\/\/floor-shop.ch\/de\/nos-produits\/kaehrs-cleaner\/\" \/>\n<meta property=\"og:site_name\" content=\"Floor Shop\" \/>\n<meta property=\"article:modified_time\" content=\"2024-10-23T13:46:50+00:00\" \/>\n<meta property=\"og:image\" content=\"https:\/\/floor-shop.ch\/wp-content\/uploads\/2024\/04\/2-1.png\" \/>\n\t<meta property=\"og:image:width\" content=\"300\" \/>\n\t<meta property=\"og:image:height\" content=\"300\" \/>\n\t<meta property=\"og:image:type\" content=\"image\/png\" \/>\n<meta name=\"twitter:card\" content=\"summary_large_image\" \/>\n<meta name=\"twitter:label1\" content=\"Gesch\u00e4tzte Lesezeit\" \/>\n\t<meta name=\"twitter:data1\" content=\"1\u00a0Minute\" \/>\n<script type=\"application\/ld+json\" class=\"yoast-schema-graph\">{\"@context\":\"https:\\\/\\\/schema.org\",\"@graph\":[{\"@type\":\"WebPage\",\"@id\":\"https:\\\/\\\/floor-shop.ch\\\/de\\\/nos-produits\\\/kaehrs-cleaner\\\/\",\"url\":\"https:\\\/\\\/floor-shop.ch\\\/de\\\/nos-produits\\\/kaehrs-cleaner\\\/\",\"name\":\"K\u00e4hrs Cleaner - Floor Shop\",\"isPartOf\":{\"@id\":\"https:\\\/\\\/floor-shop.ch\\\/de\\\/#website\"},\"primaryImageOfPage\":{\"@id\":\"https:\\\/\\\/floor-shop.ch\\\/de\\\/nos-produits\\\/kaehrs-cleaner\\\/#primaryimage\"},\"image\":{\"@id\":\"https:\\\/\\\/floor-shop.ch\\\/de\\\/nos-produits\\\/kaehrs-cleaner\\\/#primaryimage\"},\"thumbnailUrl\":\"https:\\\/\\\/floor-shop.ch\\\/wp-content\\\/uploads\\\/2024\\\/04\\\/2-1.png\",\"datePublished\":\"2024-04-08T06:47:39+00:00\",\"dateModified\":\"2024-10-23T13:46:50+00:00\",\"description\":\"D\u00e9couvrez K\u00e4hrs Cleaner de K\u00e4hrs pour Pflege, Reinigung. Un produit id\u00e9al pour l'entretien de votre rev\u00eatement de sol, disponible chez Floor Shop.\",\"breadcrumb\":{\"@id\":\"https:\\\/\\\/floor-shop.ch\\\/de\\\/nos-produits\\\/kaehrs-cleaner\\\/#breadcrumb\"},\"inLanguage\":\"de\",\"potentialAction\":[{\"@type\":\"ReadAction\",\"target\":[\"https:\\\/\\\/floor-shop.ch\\\/de\\\/nos-produits\\\/kaehrs-cleaner\\\/\"]}]},{\"@type\":\"ImageObject\",\"inLanguage\":\"de\",\"@id\":\"https:\\\/\\\/floor-shop.ch\\\/de\\\/nos-produits\\\/kaehrs-cleaner\\\/#primaryimage\",\"url\":\"https:\\\/\\\/floor-shop.ch\\\/wp-content\\\/uploads\\\/2024\\\/04\\\/2-1.png\",\"contentUrl\":\"https:\\\/\\\/floor-shop.ch\\\/wp-content\\\/uploads\\\/2024\\\/04\\\/2-1.png\",\"width\":300,\"height\":300,\"caption\":\"Produit nettoyant par K\u00e4hrs\"},{\"@type\":\"BreadcrumbList\",\"@id\":\"https:\\\/\\\/floor-shop.ch\\\/de\\\/nos-produits\\\/kaehrs-cleaner\\\/#breadcrumb\",\"itemListElement\":[{\"@type\":\"ListItem\",\"position\":1,\"name\":\"Accueil\",\"item\":\"https:\\\/\\\/floor-shop.ch\\\/de\\\/pflegeprodukt-fuer-bodenbelaege\\\/\"},{\"@type\":\"ListItem\",\"position\":2,\"name\":\"Unsere Produkte\",\"item\":\"https:\\\/\\\/floor-shop.ch\\\/de\\\/unsere-produkte\\\/\"},{\"@type\":\"ListItem\",\"position\":3,\"name\":\"K\u00e4hrs Cleaner\"}]},{\"@type\":\"WebSite\",\"@id\":\"https:\\\/\\\/floor-shop.ch\\\/de\\\/#website\",\"url\":\"https:\\\/\\\/floor-shop.ch\\\/de\\\/\",\"name\":\"Floor Shop\",\"description\":\"\",\"publisher\":{\"@id\":\"https:\\\/\\\/floor-shop.ch\\\/de\\\/#organization\"},\"potentialAction\":[{\"@type\":\"SearchAction\",\"target\":{\"@type\":\"EntryPoint\",\"urlTemplate\":\"https:\\\/\\\/floor-shop.ch\\\/de\\\/?s={search_term_string}\"},\"query-input\":{\"@type\":\"PropertyValueSpecification\",\"valueRequired\":true,\"valueName\":\"search_term_string\"}}],\"inLanguage\":\"de\"},{\"@type\":\"Organization\",\"@id\":\"https:\\\/\\\/floor-shop.ch\\\/de\\\/#organization\",\"name\":\"Floor Shop\",\"url\":\"https:\\\/\\\/floor-shop.ch\\\/de\\\/\",\"logo\":{\"@type\":\"ImageObject\",\"inLanguage\":\"de\",\"@id\":\"https:\\\/\\\/floor-shop.ch\\\/de\\\/#\\\/schema\\\/logo\\\/image\\\/\",\"url\":\"https:\\\/\\\/floor-shop.ch\\\/wp-content\\\/uploads\\\/2024\\\/04\\\/FloorShop-logo.svg\",\"contentUrl\":\"https:\\\/\\\/floor-shop.ch\\\/wp-content\\\/uploads\\\/2024\\\/04\\\/FloorShop-logo.svg\",\"width\":500,\"height\":500,\"caption\":\"Floor Shop\"},\"image\":{\"@id\":\"https:\\\/\\\/floor-shop.ch\\\/de\\\/#\\\/schema\\\/logo\\\/image\\\/\"}}]}<\/script>\n<!-- \/ Yoast SEO plugin. -->","yoast_head_json":{"title":"K\u00e4hrs Cleaner - Floor Shop","description":"D\u00e9couvrez K\u00e4hrs Cleaner de K\u00e4hrs pour Pflege, Reinigung. Un produit id\u00e9al pour l'entretien de votre rev\u00eatement de sol, disponible chez Floor Shop.","robots":{"index":"index","follow":"follow","max-snippet":"max-snippet:-1","max-image-preview":"max-image-preview:large","max-video-preview":"max-video-preview:-1"},"canonical":"https:\/\/floor-shop.ch\/de\/nos-produits\/kaehrs-cleaner\/","og_locale":"de_DE","og_type":"article","og_title":"K\u00e4hrs Cleaner - Floor Shop","og_description":"D\u00e9couvrez K\u00e4hrs Cleaner de K\u00e4hrs pour Pflege, Reinigung. Un produit id\u00e9al pour l'entretien de votre rev\u00eatement de sol, disponible chez Floor Shop.","og_url":"https:\/\/floor-shop.ch\/de\/nos-produits\/kaehrs-cleaner\/","og_site_name":"Floor Shop","article_modified_time":"2024-10-23T13:46:50+00:00","og_image":[{"width":300,"height":300,"url":"https:\/\/floor-shop.ch\/wp-content\/uploads\/2024\/04\/2-1.png","type":"image\/png"}],"twitter_card":"summary_large_image","twitter_misc":{"Gesch\u00e4tzte Lesezeit":"1\u00a0Minute"},"schema":{"@context":"https:\/\/schema.org","@graph":[{"@type":"WebPage","@id":"https:\/\/floor-shop.ch\/de\/nos-produits\/kaehrs-cleaner\/","url":"https:\/\/floor-shop.ch\/de\/nos-produits\/kaehrs-cleaner\/","name":"K\u00e4hrs Cleaner - Floor Shop","isPartOf":{"@id":"https:\/\/floor-shop.ch\/de\/#website"},"primaryImageOfPage":{"@id":"https:\/\/floor-shop.ch\/de\/nos-produits\/kaehrs-cleaner\/#primaryimage"},"image":{"@id":"https:\/\/floor-shop.ch\/de\/nos-produits\/kaehrs-cleaner\/#primaryimage"},"thumbnailUrl":"https:\/\/floor-shop.ch\/wp-content\/uploads\/2024\/04\/2-1.png","datePublished":"2024-04-08T06:47:39+00:00","dateModified":"2024-10-23T13:46:50+00:00","description":"D\u00e9couvrez K\u00e4hrs Cleaner de K\u00e4hrs pour Pflege, Reinigung. Un produit id\u00e9al pour l'entretien de votre rev\u00eatement de sol, disponible chez Floor Shop.","breadcrumb":{"@id":"https:\/\/floor-shop.ch\/de\/nos-produits\/kaehrs-cleaner\/#breadcrumb"},"inLanguage":"de","potentialAction":[{"@type":"ReadAction","target":["https:\/\/floor-shop.ch\/de\/nos-produits\/kaehrs-cleaner\/"]}]},{"@type":"ImageObject","inLanguage":"de","@id":"https:\/\/floor-shop.ch\/de\/nos-produits\/kaehrs-cleaner\/#primaryimage","url":"https:\/\/floor-shop.ch\/wp-content\/uploads\/2024\/04\/2-1.png","contentUrl":"https:\/\/floor-shop.ch\/wp-content\/uploads\/2024\/04\/2-1.png","width":300,"height":300,"caption":"Produit nettoyant par K\u00e4hrs"},{"@type":"BreadcrumbList","@id":"https:\/\/floor-shop.ch\/de\/nos-produits\/kaehrs-cleaner\/#breadcrumb","itemListElement":[{"@type":"ListItem","position":1,"name":"Accueil","item":"https:\/\/floor-shop.ch\/de\/pflegeprodukt-fuer-bodenbelaege\/"},{"@type":"ListItem","position":2,"name":"Unsere Produkte","item":"https:\/\/floor-shop.ch\/de\/unsere-produkte\/"},{"@type":"ListItem","position":3,"name":"K\u00e4hrs Cleaner"}]},{"@type":"WebSite","@id":"https:\/\/floor-shop.ch\/de\/#website","url":"https:\/\/floor-shop.ch\/de\/","name":"Floor Shop","description":"","publisher":{"@id":"https:\/\/floor-shop.ch\/de\/#organization"},"potentialAction":[{"@type":"SearchAction","target":{"@type":"EntryPoint","urlTemplate":"https:\/\/floor-shop.ch\/de\/?s={search_term_string}"},"query-input":{"@type":"PropertyValueSpecification","valueRequired":true,"valueName":"search_term_string"}}],"inLanguage":"de"},{"@type":"Organization","@id":"https:\/\/floor-shop.ch\/de\/#organization","name":"Floor Shop","url":"https:\/\/floor-shop.ch\/de\/","logo":{"@type":"ImageObject","inLanguage":"de","@id":"https:\/\/floor-shop.ch\/de\/#\/schema\/logo\/image\/","url":"https:\/\/floor-shop.ch\/wp-content\/uploads\/2024\/04\/FloorShop-logo.svg","contentUrl":"https:\/\/floor-shop.ch\/wp-content\/uploads\/2024\/04\/FloorShop-logo.svg","width":500,"height":500,"caption":"Floor Shop"},"image":{"@id":"https:\/\/floor-shop.ch\/de\/#\/schema\/logo\/image\/"}}]}},"_links":{"self":[{"href":"https:\/\/floor-shop.ch\/de\/wp-json\/wp\/v2\/product\/771","targetHints":{"allow":["GET"]}}],"collection":[{"href":"https:\/\/floor-shop.ch\/de\/wp-json\/wp\/v2\/product"}],"about":[{"href":"https:\/\/floor-shop.ch\/de\/wp-json\/wp\/v2\/types\/product"}],"wp:featuredmedia":[{"embeddable":true,"href":"https:\/\/floor-shop.ch\/de\/wp-json\/wp\/v2\/media\/513"}],"wp:attachment":[{"href":"https:\/\/floor-shop.ch\/de\/wp-json\/wp\/v2\/media?parent=771"}],"wp:term":[{"taxonomy":"product_brand","embeddable":true,"href":"https:\/\/floor-shop.ch\/de\/wp-json\/wp\/v2\/product_brand?post=771"},{"taxonomy":"product_cat","embeddable":true,"href":"https:\/\/floor-shop.ch\/de\/wp-json\/wp\/v2\/product_cat?post=771"},{"taxonomy":"product_tag","embeddable":true,"href":"https:\/\/floor-shop.ch\/de\/wp-json\/wp\/v2\/product_tag?post=771"}],"curies":[{"name":"wp","href":"https:\/\/api.w.org\/{rel}","templated":true}]}}