{"id":774,"date":"2024-04-08T10:39:11","date_gmt":"2024-04-08T08:39:11","guid":{"rendered":"https:\/\/floor-shop.ch\/produit\/proff-pulu-spraymopp\/"},"modified":"2024-04-08T10:39:11","modified_gmt":"2024-04-08T08:39:11","slug":"proff-pulu-spraymopp","status":"publish","type":"product","link":"https:\/\/floor-shop.ch\/de\/nos-produits\/proff-pulu-spraymopp\/","title":{"rendered":"PROFF Pulu Spraymopp"},"content":{"rendered":"<p>Das PULU-System erlaubt eine einfache Dosierung des Reinigungsmittels. Die Dosierflasche ist austauschbar. Dr\u00fccken Sie einfach einen Knopf am oberen Ende des Griffs, um den Spr\u00fchvorgang zu starten. Geeignet f\u00fcr die Reinigung und Pflege von Holz- und Vinylb\u00f6den<\/p>\n<ul>\n<li>Ergonomisch gestalteter Griff f\u00fcr einfache Handhabung.<\/li>\n<li>Integrierte Absturzsicherung: der Besen kann an einer Wand abgestellt werden, ohne abzurutschen<\/li>\n<li>Robuste, hochwertige Aluminiumlegierung.<\/li>\n<li>Schlankes und elegantes Design.<\/li>\n<li>&#8222;Spot Point&#8220;-Funktion: erh\u00f6hter Druck f\u00fcr hartn\u00e4ckigen Schmutz.<\/li>\n<li>Optimaler Spr\u00fchwinkel.<\/li>\n<li>Speziell entwickelte Klettstreifen zur Verbesserung der Griffigkeit vom PULU Mopp.<\/li>\n<\/ul>\n<p><strong>Mopp separat erh\u00e4ltlich.t<\/p>\n<p>Verwendung<br \/>\n<\/strong>Staubsaugen.<br \/>\nMischen Sie Ihr Pflegemittel.<br \/>\nBefestigen Sie die Flasche und schalten Sie die Pumpe ein, um den Druck aufzubauen. Befeuchten Sie den Mopp vorher.<br \/>\nDr\u00fccken Sie die SoftTouch-Taste, um das Produkt direkt vor den Mopp zu spr\u00fchen.<br \/>\nBewegen Sie den PULU-Besen in die Spr\u00fchrichtung.<br \/>\nAuf diese Weise wird der Boden auf einfache Art und Weise gepflegt.<strong><br \/>\n<\/strong><\/p>\n","protected":false},"excerpt":{"rendered":"<p>Hochwertiges Reinigungssystem (einschliesslich zwei Tanks mit Pumpsystem)<\/p>\n","protected":false},"featured_media":509,"template":"","meta":{"_acf_changed":false},"product_brand":[],"product_cat":[77],"product_tag":[83],"class_list":{"0":"post-774","1":"product","2":"type-product","3":"status-publish","4":"has-post-thumbnail","6":"product_cat-zubehor","7":"product_tag-accessoire-de","9":"first","10":"instock","11":"taxable","12":"shipping-taxable","13":"purchasable","14":"product-type-simple"},"acf":[],"yoast_head":"<!-- This site is optimized with the Yoast SEO plugin v26.7 - https:\/\/yoast.com\/wordpress\/plugins\/seo\/ -->\n<title>PROFF Pulu Spraymopp - Floor Shop<\/title>\n<meta name=\"description\" content=\"D\u00e9couvrez PROFF Pulu Spraymopp de Proff pour Zubeh\u00f6r. Un produit id\u00e9al pour l&#039;entretien de votre rev\u00eatement de sol, disponible chez Floor Shop.\" \/>\n<meta name=\"robots\" content=\"index, follow, max-snippet:-1, max-image-preview:large, max-video-preview:-1\" \/>\n<link rel=\"canonical\" href=\"https:\/\/floor-shop.ch\/de\/nos-produits\/proff-pulu-spraymopp\/\" \/>\n<meta property=\"og:locale\" content=\"de_DE\" \/>\n<meta property=\"og:type\" content=\"article\" \/>\n<meta property=\"og:title\" content=\"PROFF Pulu Spraymopp - Floor Shop\" \/>\n<meta property=\"og:description\" content=\"D\u00e9couvrez PROFF Pulu Spraymopp de Proff pour Zubeh\u00f6r. Un produit id\u00e9al pour l&#039;entretien de votre rev\u00eatement de sol, disponible chez Floor Shop.\" \/>\n<meta property=\"og:url\" content=\"https:\/\/floor-shop.ch\/de\/nos-produits\/proff-pulu-spraymopp\/\" \/>\n<meta property=\"og:site_name\" content=\"Floor Shop\" \/>\n<meta property=\"og:image\" content=\"https:\/\/floor-shop.ch\/wp-content\/uploads\/2024\/04\/12-1.png\" \/>\n\t<meta property=\"og:image:width\" content=\"300\" \/>\n\t<meta property=\"og:image:height\" content=\"300\" \/>\n\t<meta property=\"og:image:type\" content=\"image\/png\" \/>\n<meta name=\"twitter:card\" content=\"summary_large_image\" \/>\n<meta name=\"twitter:label1\" content=\"Gesch\u00e4tzte Lesezeit\" \/>\n\t<meta name=\"twitter:data1\" content=\"1\u00a0Minute\" \/>\n<script type=\"application\/ld+json\" class=\"yoast-schema-graph\">{\"@context\":\"https:\/\/schema.org\",\"@graph\":[{\"@type\":\"WebPage\",\"@id\":\"https:\/\/floor-shop.ch\/de\/nos-produits\/proff-pulu-spraymopp\/\",\"url\":\"https:\/\/floor-shop.ch\/de\/nos-produits\/proff-pulu-spraymopp\/\",\"name\":\"PROFF Pulu Spraymopp - Floor Shop\",\"isPartOf\":{\"@id\":\"https:\/\/floor-shop.ch\/de\/#website\"},\"primaryImageOfPage\":{\"@id\":\"https:\/\/floor-shop.ch\/de\/nos-produits\/proff-pulu-spraymopp\/#primaryimage\"},\"image\":{\"@id\":\"https:\/\/floor-shop.ch\/de\/nos-produits\/proff-pulu-spraymopp\/#primaryimage\"},\"thumbnailUrl\":\"https:\/\/floor-shop.ch\/wp-content\/uploads\/2024\/04\/12-1.png\",\"datePublished\":\"2024-04-08T08:39:11+00:00\",\"description\":\"D\u00e9couvrez PROFF Pulu Spraymopp de Proff pour Zubeh\u00f6r. Un produit id\u00e9al pour l'entretien de votre rev\u00eatement de sol, disponible chez Floor Shop.\",\"breadcrumb\":{\"@id\":\"https:\/\/floor-shop.ch\/de\/nos-produits\/proff-pulu-spraymopp\/#breadcrumb\"},\"inLanguage\":\"de\",\"potentialAction\":[{\"@type\":\"ReadAction\",\"target\":[\"https:\/\/floor-shop.ch\/de\/nos-produits\/proff-pulu-spraymopp\/\"]}]},{\"@type\":\"ImageObject\",\"inLanguage\":\"de\",\"@id\":\"https:\/\/floor-shop.ch\/de\/nos-produits\/proff-pulu-spraymopp\/#primaryimage\",\"url\":\"https:\/\/floor-shop.ch\/wp-content\/uploads\/2024\/04\/12-1.png\",\"contentUrl\":\"https:\/\/floor-shop.ch\/wp-content\/uploads\/2024\/04\/12-1.png\",\"width\":300,\"height\":300,\"caption\":\"Balai \u00e9pur\u00e9 et \u00e9l\u00e9gant\"},{\"@type\":\"BreadcrumbList\",\"@id\":\"https:\/\/floor-shop.ch\/de\/nos-produits\/proff-pulu-spraymopp\/#breadcrumb\",\"itemListElement\":[{\"@type\":\"ListItem\",\"position\":1,\"name\":\"Accueil\",\"item\":\"https:\/\/floor-shop.ch\/de\/pflegeprodukt-fuer-bodenbelaege\/\"},{\"@type\":\"ListItem\",\"position\":2,\"name\":\"Unsere Produkte\",\"item\":\"https:\/\/floor-shop.ch\/de\/unsere-produkte\/\"},{\"@type\":\"ListItem\",\"position\":3,\"name\":\"PROFF Pulu Spraymopp\"}]},{\"@type\":\"WebSite\",\"@id\":\"https:\/\/floor-shop.ch\/de\/#website\",\"url\":\"https:\/\/floor-shop.ch\/de\/\",\"name\":\"Floor Shop\",\"description\":\"\",\"publisher\":{\"@id\":\"https:\/\/floor-shop.ch\/de\/#organization\"},\"potentialAction\":[{\"@type\":\"SearchAction\",\"target\":{\"@type\":\"EntryPoint\",\"urlTemplate\":\"https:\/\/floor-shop.ch\/de\/?s={search_term_string}\"},\"query-input\":{\"@type\":\"PropertyValueSpecification\",\"valueRequired\":true,\"valueName\":\"search_term_string\"}}],\"inLanguage\":\"de\"},{\"@type\":\"Organization\",\"@id\":\"https:\/\/floor-shop.ch\/de\/#organization\",\"name\":\"Floor Shop\",\"url\":\"https:\/\/floor-shop.ch\/de\/\",\"logo\":{\"@type\":\"ImageObject\",\"inLanguage\":\"de\",\"@id\":\"https:\/\/floor-shop.ch\/de\/#\/schema\/logo\/image\/\",\"url\":\"https:\/\/floor-shop.ch\/wp-content\/uploads\/2024\/04\/FloorShop-logo.svg\",\"contentUrl\":\"https:\/\/floor-shop.ch\/wp-content\/uploads\/2024\/04\/FloorShop-logo.svg\",\"width\":500,\"height\":500,\"caption\":\"Floor Shop\"},\"image\":{\"@id\":\"https:\/\/floor-shop.ch\/de\/#\/schema\/logo\/image\/\"}}]}<\/script>\n<!-- \/ Yoast SEO plugin. -->","yoast_head_json":{"title":"PROFF Pulu Spraymopp - Floor Shop","description":"D\u00e9couvrez PROFF Pulu Spraymopp de Proff pour Zubeh\u00f6r. Un produit id\u00e9al pour l'entretien de votre rev\u00eatement de sol, disponible chez Floor Shop.","robots":{"index":"index","follow":"follow","max-snippet":"max-snippet:-1","max-image-preview":"max-image-preview:large","max-video-preview":"max-video-preview:-1"},"canonical":"https:\/\/floor-shop.ch\/de\/nos-produits\/proff-pulu-spraymopp\/","og_locale":"de_DE","og_type":"article","og_title":"PROFF Pulu Spraymopp - Floor Shop","og_description":"D\u00e9couvrez PROFF Pulu Spraymopp de Proff pour Zubeh\u00f6r. Un produit id\u00e9al pour l'entretien de votre rev\u00eatement de sol, disponible chez Floor Shop.","og_url":"https:\/\/floor-shop.ch\/de\/nos-produits\/proff-pulu-spraymopp\/","og_site_name":"Floor Shop","og_image":[{"width":300,"height":300,"url":"https:\/\/floor-shop.ch\/wp-content\/uploads\/2024\/04\/12-1.png","type":"image\/png"}],"twitter_card":"summary_large_image","twitter_misc":{"Gesch\u00e4tzte Lesezeit":"1\u00a0Minute"},"schema":{"@context":"https:\/\/schema.org","@graph":[{"@type":"WebPage","@id":"https:\/\/floor-shop.ch\/de\/nos-produits\/proff-pulu-spraymopp\/","url":"https:\/\/floor-shop.ch\/de\/nos-produits\/proff-pulu-spraymopp\/","name":"PROFF Pulu Spraymopp - Floor Shop","isPartOf":{"@id":"https:\/\/floor-shop.ch\/de\/#website"},"primaryImageOfPage":{"@id":"https:\/\/floor-shop.ch\/de\/nos-produits\/proff-pulu-spraymopp\/#primaryimage"},"image":{"@id":"https:\/\/floor-shop.ch\/de\/nos-produits\/proff-pulu-spraymopp\/#primaryimage"},"thumbnailUrl":"https:\/\/floor-shop.ch\/wp-content\/uploads\/2024\/04\/12-1.png","datePublished":"2024-04-08T08:39:11+00:00","description":"D\u00e9couvrez PROFF Pulu Spraymopp de Proff pour Zubeh\u00f6r. Un produit id\u00e9al pour l'entretien de votre rev\u00eatement de sol, disponible chez Floor Shop.","breadcrumb":{"@id":"https:\/\/floor-shop.ch\/de\/nos-produits\/proff-pulu-spraymopp\/#breadcrumb"},"inLanguage":"de","potentialAction":[{"@type":"ReadAction","target":["https:\/\/floor-shop.ch\/de\/nos-produits\/proff-pulu-spraymopp\/"]}]},{"@type":"ImageObject","inLanguage":"de","@id":"https:\/\/floor-shop.ch\/de\/nos-produits\/proff-pulu-spraymopp\/#primaryimage","url":"https:\/\/floor-shop.ch\/wp-content\/uploads\/2024\/04\/12-1.png","contentUrl":"https:\/\/floor-shop.ch\/wp-content\/uploads\/2024\/04\/12-1.png","width":300,"height":300,"caption":"Balai \u00e9pur\u00e9 et \u00e9l\u00e9gant"},{"@type":"BreadcrumbList","@id":"https:\/\/floor-shop.ch\/de\/nos-produits\/proff-pulu-spraymopp\/#breadcrumb","itemListElement":[{"@type":"ListItem","position":1,"name":"Accueil","item":"https:\/\/floor-shop.ch\/de\/pflegeprodukt-fuer-bodenbelaege\/"},{"@type":"ListItem","position":2,"name":"Unsere Produkte","item":"https:\/\/floor-shop.ch\/de\/unsere-produkte\/"},{"@type":"ListItem","position":3,"name":"PROFF Pulu Spraymopp"}]},{"@type":"WebSite","@id":"https:\/\/floor-shop.ch\/de\/#website","url":"https:\/\/floor-shop.ch\/de\/","name":"Floor Shop","description":"","publisher":{"@id":"https:\/\/floor-shop.ch\/de\/#organization"},"potentialAction":[{"@type":"SearchAction","target":{"@type":"EntryPoint","urlTemplate":"https:\/\/floor-shop.ch\/de\/?s={search_term_string}"},"query-input":{"@type":"PropertyValueSpecification","valueRequired":true,"valueName":"search_term_string"}}],"inLanguage":"de"},{"@type":"Organization","@id":"https:\/\/floor-shop.ch\/de\/#organization","name":"Floor Shop","url":"https:\/\/floor-shop.ch\/de\/","logo":{"@type":"ImageObject","inLanguage":"de","@id":"https:\/\/floor-shop.ch\/de\/#\/schema\/logo\/image\/","url":"https:\/\/floor-shop.ch\/wp-content\/uploads\/2024\/04\/FloorShop-logo.svg","contentUrl":"https:\/\/floor-shop.ch\/wp-content\/uploads\/2024\/04\/FloorShop-logo.svg","width":500,"height":500,"caption":"Floor Shop"},"image":{"@id":"https:\/\/floor-shop.ch\/de\/#\/schema\/logo\/image\/"}}]}},"_links":{"self":[{"href":"https:\/\/floor-shop.ch\/de\/wp-json\/wp\/v2\/product\/774","targetHints":{"allow":["GET"]}}],"collection":[{"href":"https:\/\/floor-shop.ch\/de\/wp-json\/wp\/v2\/product"}],"about":[{"href":"https:\/\/floor-shop.ch\/de\/wp-json\/wp\/v2\/types\/product"}],"wp:featuredmedia":[{"embeddable":true,"href":"https:\/\/floor-shop.ch\/de\/wp-json\/wp\/v2\/media\/509"}],"wp:attachment":[{"href":"https:\/\/floor-shop.ch\/de\/wp-json\/wp\/v2\/media?parent=774"}],"wp:term":[{"taxonomy":"product_brand","embeddable":true,"href":"https:\/\/floor-shop.ch\/de\/wp-json\/wp\/v2\/product_brand?post=774"},{"taxonomy":"product_cat","embeddable":true,"href":"https:\/\/floor-shop.ch\/de\/wp-json\/wp\/v2\/product_cat?post=774"},{"taxonomy":"product_tag","embeddable":true,"href":"https:\/\/floor-shop.ch\/de\/wp-json\/wp\/v2\/product_tag?post=774"}],"curies":[{"name":"wp","href":"https:\/\/api.w.org\/{rel}","templated":true}]}}