{"id":780,"date":"2024-04-08T11:03:58","date_gmt":"2024-04-08T09:03:58","guid":{"rendered":"https:\/\/floor-shop.ch\/produit\/reparaturset\/"},"modified":"2024-04-08T11:03:58","modified_gmt":"2024-04-08T09:03:58","slug":"reparaturset","status":"publish","type":"product","link":"https:\/\/floor-shop.ch\/de\/nos-produits\/reparaturset\/","title":{"rendered":"Reparaturset"},"content":{"rendered":"<p>Reparaturset f\u00fcr ge\u00f6lte oder lackierte Oberfl\u00e4chen.<br \/>\nIm Set enthalten:<\/p>\n<ul>\n<li>9 farblich abgestufte Wachsbl\u00f6cke (4 cm)<\/li>\n<li>1 F\u00fcllstoffhobel inkl. Vlies und Schleif-\/Poliertuch,<\/li>\n<li>1 Batterie-Schmelzer (inkl. Batterien)<\/li>\n<li>2 Schleifpapiere (K\u00f6rnung 150 und 240).<\/li>\n<li>1 Spezial-\u00d6l, 10 ml<\/li>\n<li>1 Baumwolltuch<\/li>\n<li>1 Klarlackstift f\u00fcr die Versiegelung<\/li>\n<\/ul>\n","protected":false},"excerpt":{"rendered":"<p>Reparaturset f\u00fcr ge\u00f6lte oder lackierte Oberfl\u00e4chen.<\/p>\n<p>Inhalt: 1 Set<\/p>\n","protected":false},"featured_media":525,"template":"","meta":{"_acf_changed":false},"product_brand":[],"product_cat":[80],"product_tag":[85],"class_list":{"0":"post-780","1":"product","2":"type-product","3":"status-publish","4":"has-post-thumbnail","6":"product_cat-reparatur","7":"product_tag-reparation-de","9":"first","10":"instock","11":"taxable","12":"shipping-taxable","13":"purchasable","14":"product-type-variable"},"acf":[],"yoast_head":"<!-- This site is optimized with the Yoast SEO plugin v26.7 - https:\/\/yoast.com\/wordpress\/plugins\/seo\/ -->\n<title>Reparaturset - Floor Shop<\/title>\n<meta name=\"description\" content=\"D\u00e9couvrez Reparaturset de K\u00e4hrs pour Reparatur. Un produit id\u00e9al pour l&#039;entretien de votre rev\u00eatement de sol, disponible chez Floor Shop.\" \/>\n<meta name=\"robots\" content=\"index, follow, max-snippet:-1, max-image-preview:large, max-video-preview:-1\" \/>\n<link rel=\"canonical\" href=\"https:\/\/floor-shop.ch\/de\/nos-produits\/reparaturset\/\" \/>\n<meta property=\"og:locale\" content=\"de_DE\" \/>\n<meta property=\"og:type\" content=\"article\" \/>\n<meta property=\"og:title\" content=\"Reparaturset - Floor Shop\" \/>\n<meta property=\"og:description\" content=\"D\u00e9couvrez Reparaturset de K\u00e4hrs pour Reparatur. Un produit id\u00e9al pour l&#039;entretien de votre rev\u00eatement de sol, disponible chez Floor Shop.\" \/>\n<meta property=\"og:url\" content=\"https:\/\/floor-shop.ch\/de\/nos-produits\/reparaturset\/\" \/>\n<meta property=\"og:site_name\" content=\"Floor Shop\" \/>\n<meta property=\"og:image\" content=\"https:\/\/floor-shop.ch\/wp-content\/uploads\/2024\/04\/8-1.png\" \/>\n\t<meta property=\"og:image:width\" content=\"300\" \/>\n\t<meta property=\"og:image:height\" content=\"300\" \/>\n\t<meta property=\"og:image:type\" content=\"image\/png\" \/>\n<meta name=\"twitter:card\" content=\"summary_large_image\" \/>\n<script type=\"application\/ld+json\" class=\"yoast-schema-graph\">{\"@context\":\"https:\/\/schema.org\",\"@graph\":[{\"@type\":\"WebPage\",\"@id\":\"https:\/\/floor-shop.ch\/de\/nos-produits\/reparaturset\/\",\"url\":\"https:\/\/floor-shop.ch\/de\/nos-produits\/reparaturset\/\",\"name\":\"Reparaturset - Floor Shop\",\"isPartOf\":{\"@id\":\"https:\/\/floor-shop.ch\/de\/#website\"},\"primaryImageOfPage\":{\"@id\":\"https:\/\/floor-shop.ch\/de\/nos-produits\/reparaturset\/#primaryimage\"},\"image\":{\"@id\":\"https:\/\/floor-shop.ch\/de\/nos-produits\/reparaturset\/#primaryimage\"},\"thumbnailUrl\":\"https:\/\/floor-shop.ch\/wp-content\/uploads\/2024\/04\/8-1.png\",\"datePublished\":\"2024-04-08T09:03:58+00:00\",\"description\":\"D\u00e9couvrez Reparaturset de K\u00e4hrs pour Reparatur. Un produit id\u00e9al pour l'entretien de votre rev\u00eatement de sol, disponible chez Floor Shop.\",\"breadcrumb\":{\"@id\":\"https:\/\/floor-shop.ch\/de\/nos-produits\/reparaturset\/#breadcrumb\"},\"inLanguage\":\"de\",\"potentialAction\":[{\"@type\":\"ReadAction\",\"target\":[\"https:\/\/floor-shop.ch\/de\/nos-produits\/reparaturset\/\"]}]},{\"@type\":\"ImageObject\",\"inLanguage\":\"de\",\"@id\":\"https:\/\/floor-shop.ch\/de\/nos-produits\/reparaturset\/#primaryimage\",\"url\":\"https:\/\/floor-shop.ch\/wp-content\/uploads\/2024\/04\/8-1.png\",\"contentUrl\":\"https:\/\/floor-shop.ch\/wp-content\/uploads\/2024\/04\/8-1.png\",\"width\":300,\"height\":300,\"caption\":\"Contenu du kit de r\u00e9paration K\u00e4hrs\"},{\"@type\":\"BreadcrumbList\",\"@id\":\"https:\/\/floor-shop.ch\/de\/nos-produits\/reparaturset\/#breadcrumb\",\"itemListElement\":[{\"@type\":\"ListItem\",\"position\":1,\"name\":\"Accueil\",\"item\":\"https:\/\/floor-shop.ch\/de\/pflegeprodukt-fuer-bodenbelaege\/\"},{\"@type\":\"ListItem\",\"position\":2,\"name\":\"Unsere Produkte\",\"item\":\"https:\/\/floor-shop.ch\/de\/unsere-produkte\/\"},{\"@type\":\"ListItem\",\"position\":3,\"name\":\"Reparaturset\"}]},{\"@type\":\"WebSite\",\"@id\":\"https:\/\/floor-shop.ch\/de\/#website\",\"url\":\"https:\/\/floor-shop.ch\/de\/\",\"name\":\"Floor Shop\",\"description\":\"\",\"publisher\":{\"@id\":\"https:\/\/floor-shop.ch\/de\/#organization\"},\"potentialAction\":[{\"@type\":\"SearchAction\",\"target\":{\"@type\":\"EntryPoint\",\"urlTemplate\":\"https:\/\/floor-shop.ch\/de\/?s={search_term_string}\"},\"query-input\":{\"@type\":\"PropertyValueSpecification\",\"valueRequired\":true,\"valueName\":\"search_term_string\"}}],\"inLanguage\":\"de\"},{\"@type\":\"Organization\",\"@id\":\"https:\/\/floor-shop.ch\/de\/#organization\",\"name\":\"Floor Shop\",\"url\":\"https:\/\/floor-shop.ch\/de\/\",\"logo\":{\"@type\":\"ImageObject\",\"inLanguage\":\"de\",\"@id\":\"https:\/\/floor-shop.ch\/de\/#\/schema\/logo\/image\/\",\"url\":\"https:\/\/floor-shop.ch\/wp-content\/uploads\/2024\/04\/FloorShop-logo.svg\",\"contentUrl\":\"https:\/\/floor-shop.ch\/wp-content\/uploads\/2024\/04\/FloorShop-logo.svg\",\"width\":500,\"height\":500,\"caption\":\"Floor Shop\"},\"image\":{\"@id\":\"https:\/\/floor-shop.ch\/de\/#\/schema\/logo\/image\/\"}}]}<\/script>\n<!-- \/ Yoast SEO plugin. -->","yoast_head_json":{"title":"Reparaturset - Floor Shop","description":"D\u00e9couvrez Reparaturset de K\u00e4hrs pour Reparatur. Un produit id\u00e9al pour l'entretien de votre rev\u00eatement de sol, disponible chez Floor Shop.","robots":{"index":"index","follow":"follow","max-snippet":"max-snippet:-1","max-image-preview":"max-image-preview:large","max-video-preview":"max-video-preview:-1"},"canonical":"https:\/\/floor-shop.ch\/de\/nos-produits\/reparaturset\/","og_locale":"de_DE","og_type":"article","og_title":"Reparaturset - Floor Shop","og_description":"D\u00e9couvrez Reparaturset de K\u00e4hrs pour Reparatur. Un produit id\u00e9al pour l'entretien de votre rev\u00eatement de sol, disponible chez Floor Shop.","og_url":"https:\/\/floor-shop.ch\/de\/nos-produits\/reparaturset\/","og_site_name":"Floor Shop","og_image":[{"width":300,"height":300,"url":"https:\/\/floor-shop.ch\/wp-content\/uploads\/2024\/04\/8-1.png","type":"image\/png"}],"twitter_card":"summary_large_image","schema":{"@context":"https:\/\/schema.org","@graph":[{"@type":"WebPage","@id":"https:\/\/floor-shop.ch\/de\/nos-produits\/reparaturset\/","url":"https:\/\/floor-shop.ch\/de\/nos-produits\/reparaturset\/","name":"Reparaturset - Floor Shop","isPartOf":{"@id":"https:\/\/floor-shop.ch\/de\/#website"},"primaryImageOfPage":{"@id":"https:\/\/floor-shop.ch\/de\/nos-produits\/reparaturset\/#primaryimage"},"image":{"@id":"https:\/\/floor-shop.ch\/de\/nos-produits\/reparaturset\/#primaryimage"},"thumbnailUrl":"https:\/\/floor-shop.ch\/wp-content\/uploads\/2024\/04\/8-1.png","datePublished":"2024-04-08T09:03:58+00:00","description":"D\u00e9couvrez Reparaturset de K\u00e4hrs pour Reparatur. Un produit id\u00e9al pour l'entretien de votre rev\u00eatement de sol, disponible chez Floor Shop.","breadcrumb":{"@id":"https:\/\/floor-shop.ch\/de\/nos-produits\/reparaturset\/#breadcrumb"},"inLanguage":"de","potentialAction":[{"@type":"ReadAction","target":["https:\/\/floor-shop.ch\/de\/nos-produits\/reparaturset\/"]}]},{"@type":"ImageObject","inLanguage":"de","@id":"https:\/\/floor-shop.ch\/de\/nos-produits\/reparaturset\/#primaryimage","url":"https:\/\/floor-shop.ch\/wp-content\/uploads\/2024\/04\/8-1.png","contentUrl":"https:\/\/floor-shop.ch\/wp-content\/uploads\/2024\/04\/8-1.png","width":300,"height":300,"caption":"Contenu du kit de r\u00e9paration K\u00e4hrs"},{"@type":"BreadcrumbList","@id":"https:\/\/floor-shop.ch\/de\/nos-produits\/reparaturset\/#breadcrumb","itemListElement":[{"@type":"ListItem","position":1,"name":"Accueil","item":"https:\/\/floor-shop.ch\/de\/pflegeprodukt-fuer-bodenbelaege\/"},{"@type":"ListItem","position":2,"name":"Unsere Produkte","item":"https:\/\/floor-shop.ch\/de\/unsere-produkte\/"},{"@type":"ListItem","position":3,"name":"Reparaturset"}]},{"@type":"WebSite","@id":"https:\/\/floor-shop.ch\/de\/#website","url":"https:\/\/floor-shop.ch\/de\/","name":"Floor Shop","description":"","publisher":{"@id":"https:\/\/floor-shop.ch\/de\/#organization"},"potentialAction":[{"@type":"SearchAction","target":{"@type":"EntryPoint","urlTemplate":"https:\/\/floor-shop.ch\/de\/?s={search_term_string}"},"query-input":{"@type":"PropertyValueSpecification","valueRequired":true,"valueName":"search_term_string"}}],"inLanguage":"de"},{"@type":"Organization","@id":"https:\/\/floor-shop.ch\/de\/#organization","name":"Floor Shop","url":"https:\/\/floor-shop.ch\/de\/","logo":{"@type":"ImageObject","inLanguage":"de","@id":"https:\/\/floor-shop.ch\/de\/#\/schema\/logo\/image\/","url":"https:\/\/floor-shop.ch\/wp-content\/uploads\/2024\/04\/FloorShop-logo.svg","contentUrl":"https:\/\/floor-shop.ch\/wp-content\/uploads\/2024\/04\/FloorShop-logo.svg","width":500,"height":500,"caption":"Floor Shop"},"image":{"@id":"https:\/\/floor-shop.ch\/de\/#\/schema\/logo\/image\/"}}]}},"_links":{"self":[{"href":"https:\/\/floor-shop.ch\/de\/wp-json\/wp\/v2\/product\/780","targetHints":{"allow":["GET"]}}],"collection":[{"href":"https:\/\/floor-shop.ch\/de\/wp-json\/wp\/v2\/product"}],"about":[{"href":"https:\/\/floor-shop.ch\/de\/wp-json\/wp\/v2\/types\/product"}],"wp:featuredmedia":[{"embeddable":true,"href":"https:\/\/floor-shop.ch\/de\/wp-json\/wp\/v2\/media\/525"}],"wp:attachment":[{"href":"https:\/\/floor-shop.ch\/de\/wp-json\/wp\/v2\/media?parent=780"}],"wp:term":[{"taxonomy":"product_brand","embeddable":true,"href":"https:\/\/floor-shop.ch\/de\/wp-json\/wp\/v2\/product_brand?post=780"},{"taxonomy":"product_cat","embeddable":true,"href":"https:\/\/floor-shop.ch\/de\/wp-json\/wp\/v2\/product_cat?post=780"},{"taxonomy":"product_tag","embeddable":true,"href":"https:\/\/floor-shop.ch\/de\/wp-json\/wp\/v2\/product_tag?post=780"}],"curies":[{"name":"wp","href":"https:\/\/api.w.org\/{rel}","templated":true}]}}