{"id":783,"date":"2024-04-08T11:11:24","date_gmt":"2024-04-08T09:11:24","guid":{"rendered":"https:\/\/floor-shop.ch\/produit\/touch-up\/"},"modified":"2024-04-08T11:11:24","modified_gmt":"2024-04-08T09:11:24","slug":"touch-up","status":"publish","type":"product","link":"https:\/\/floor-shop.ch\/de\/nos-produits\/touch-up\/","title":{"rendered":"Touch-up"},"content":{"rendered":"<p>Wird f\u00fcr kleine Reparaturen am Boden verwendet Erh\u00e4ltlich f\u00fcr: seidenmatt lackierte B\u00f6den, ge\u00f6lte B\u00f6den,<br \/>\nlackierte B\u00f6den.<\/p>\n","protected":false},"excerpt":{"rendered":"<p>Wird f\u00fcr kleine Reparaturen am Boden verwendet (Kratzer, Lacksch\u00e4den, usw.).<\/p>\n<p>Inhalt: 30 ml<\/p>\n","protected":false},"featured_media":521,"template":"","meta":{"_acf_changed":false},"product_brand":[],"product_cat":[80],"product_tag":[85],"class_list":{"0":"post-783","1":"product","2":"type-product","3":"status-publish","4":"has-post-thumbnail","6":"product_cat-reparatur","7":"product_tag-reparation-de","9":"first","10":"instock","11":"taxable","12":"shipping-taxable","13":"purchasable","14":"product-type-variable"},"acf":[],"yoast_head":"<!-- This site is optimized with the Yoast SEO plugin v27.5 - https:\/\/yoast.com\/product\/yoast-seo-wordpress\/ -->\n<title>Touch-up - Floor Shop<\/title>\n<meta name=\"description\" content=\"D\u00e9couvrez Touch-up de K\u00e4hrs pour Reparatur. Un produit id\u00e9al pour l&#039;entretien de votre rev\u00eatement de sol, disponible chez Floor Shop.\" \/>\n<meta name=\"robots\" content=\"index, follow, max-snippet:-1, max-image-preview:large, max-video-preview:-1\" \/>\n<link rel=\"canonical\" href=\"https:\/\/floor-shop.ch\/de\/nos-produits\/touch-up\/\" \/>\n<meta property=\"og:locale\" content=\"de_DE\" \/>\n<meta property=\"og:type\" content=\"article\" \/>\n<meta property=\"og:title\" content=\"Touch-up - Floor Shop\" \/>\n<meta property=\"og:description\" content=\"D\u00e9couvrez Touch-up de K\u00e4hrs pour Reparatur. Un produit id\u00e9al pour l&#039;entretien de votre rev\u00eatement de sol, disponible chez Floor Shop.\" \/>\n<meta property=\"og:url\" content=\"https:\/\/floor-shop.ch\/de\/nos-produits\/touch-up\/\" \/>\n<meta property=\"og:site_name\" content=\"Floor Shop\" \/>\n<meta property=\"og:image\" content=\"https:\/\/floor-shop.ch\/wp-content\/uploads\/2024\/04\/6-1.png\" \/>\n\t<meta property=\"og:image:width\" content=\"300\" \/>\n\t<meta property=\"og:image:height\" content=\"300\" \/>\n\t<meta property=\"og:image:type\" content=\"image\/png\" \/>\n<meta name=\"twitter:card\" content=\"summary_large_image\" \/>\n<script type=\"application\/ld+json\" class=\"yoast-schema-graph\">{\"@context\":\"https:\\\/\\\/schema.org\",\"@graph\":[{\"@type\":\"WebPage\",\"@id\":\"https:\\\/\\\/floor-shop.ch\\\/de\\\/nos-produits\\\/touch-up\\\/\",\"url\":\"https:\\\/\\\/floor-shop.ch\\\/de\\\/nos-produits\\\/touch-up\\\/\",\"name\":\"Touch-up - Floor Shop\",\"isPartOf\":{\"@id\":\"https:\\\/\\\/floor-shop.ch\\\/de\\\/#website\"},\"primaryImageOfPage\":{\"@id\":\"https:\\\/\\\/floor-shop.ch\\\/de\\\/nos-produits\\\/touch-up\\\/#primaryimage\"},\"image\":{\"@id\":\"https:\\\/\\\/floor-shop.ch\\\/de\\\/nos-produits\\\/touch-up\\\/#primaryimage\"},\"thumbnailUrl\":\"https:\\\/\\\/floor-shop.ch\\\/wp-content\\\/uploads\\\/2024\\\/04\\\/6-1.png\",\"datePublished\":\"2024-04-08T09:11:24+00:00\",\"description\":\"D\u00e9couvrez Touch-up de K\u00e4hrs pour Reparatur. Un produit id\u00e9al pour l'entretien de votre rev\u00eatement de sol, disponible chez Floor Shop.\",\"breadcrumb\":{\"@id\":\"https:\\\/\\\/floor-shop.ch\\\/de\\\/nos-produits\\\/touch-up\\\/#breadcrumb\"},\"inLanguage\":\"de\",\"potentialAction\":[{\"@type\":\"ReadAction\",\"target\":[\"https:\\\/\\\/floor-shop.ch\\\/de\\\/nos-produits\\\/touch-up\\\/\"]}]},{\"@type\":\"ImageObject\",\"inLanguage\":\"de\",\"@id\":\"https:\\\/\\\/floor-shop.ch\\\/de\\\/nos-produits\\\/touch-up\\\/#primaryimage\",\"url\":\"https:\\\/\\\/floor-shop.ch\\\/wp-content\\\/uploads\\\/2024\\\/04\\\/6-1.png\",\"contentUrl\":\"https:\\\/\\\/floor-shop.ch\\\/wp-content\\\/uploads\\\/2024\\\/04\\\/6-1.png\",\"width\":300,\"height\":300,\"caption\":\"Produit d'entretien Touch up de K\u00e4hrs\"},{\"@type\":\"BreadcrumbList\",\"@id\":\"https:\\\/\\\/floor-shop.ch\\\/de\\\/nos-produits\\\/touch-up\\\/#breadcrumb\",\"itemListElement\":[{\"@type\":\"ListItem\",\"position\":1,\"name\":\"Accueil\",\"item\":\"https:\\\/\\\/floor-shop.ch\\\/de\\\/pflegeprodukt-fuer-bodenbelaege\\\/\"},{\"@type\":\"ListItem\",\"position\":2,\"name\":\"Unsere Produkte\",\"item\":\"https:\\\/\\\/floor-shop.ch\\\/de\\\/unsere-produkte\\\/\"},{\"@type\":\"ListItem\",\"position\":3,\"name\":\"Touch-up\"}]},{\"@type\":\"WebSite\",\"@id\":\"https:\\\/\\\/floor-shop.ch\\\/de\\\/#website\",\"url\":\"https:\\\/\\\/floor-shop.ch\\\/de\\\/\",\"name\":\"Floor Shop\",\"description\":\"\",\"publisher\":{\"@id\":\"https:\\\/\\\/floor-shop.ch\\\/de\\\/#organization\"},\"potentialAction\":[{\"@type\":\"SearchAction\",\"target\":{\"@type\":\"EntryPoint\",\"urlTemplate\":\"https:\\\/\\\/floor-shop.ch\\\/de\\\/?s={search_term_string}\"},\"query-input\":{\"@type\":\"PropertyValueSpecification\",\"valueRequired\":true,\"valueName\":\"search_term_string\"}}],\"inLanguage\":\"de\"},{\"@type\":\"Organization\",\"@id\":\"https:\\\/\\\/floor-shop.ch\\\/de\\\/#organization\",\"name\":\"Floor Shop\",\"url\":\"https:\\\/\\\/floor-shop.ch\\\/de\\\/\",\"logo\":{\"@type\":\"ImageObject\",\"inLanguage\":\"de\",\"@id\":\"https:\\\/\\\/floor-shop.ch\\\/de\\\/#\\\/schema\\\/logo\\\/image\\\/\",\"url\":\"https:\\\/\\\/floor-shop.ch\\\/wp-content\\\/uploads\\\/2024\\\/04\\\/FloorShop-logo.svg\",\"contentUrl\":\"https:\\\/\\\/floor-shop.ch\\\/wp-content\\\/uploads\\\/2024\\\/04\\\/FloorShop-logo.svg\",\"width\":500,\"height\":500,\"caption\":\"Floor Shop\"},\"image\":{\"@id\":\"https:\\\/\\\/floor-shop.ch\\\/de\\\/#\\\/schema\\\/logo\\\/image\\\/\"}}]}<\/script>\n<!-- \/ Yoast SEO plugin. -->","yoast_head_json":{"title":"Touch-up - Floor Shop","description":"D\u00e9couvrez Touch-up de K\u00e4hrs pour Reparatur. Un produit id\u00e9al pour l'entretien de votre rev\u00eatement de sol, disponible chez Floor Shop.","robots":{"index":"index","follow":"follow","max-snippet":"max-snippet:-1","max-image-preview":"max-image-preview:large","max-video-preview":"max-video-preview:-1"},"canonical":"https:\/\/floor-shop.ch\/de\/nos-produits\/touch-up\/","og_locale":"de_DE","og_type":"article","og_title":"Touch-up - Floor Shop","og_description":"D\u00e9couvrez Touch-up de K\u00e4hrs pour Reparatur. Un produit id\u00e9al pour l'entretien de votre rev\u00eatement de sol, disponible chez Floor Shop.","og_url":"https:\/\/floor-shop.ch\/de\/nos-produits\/touch-up\/","og_site_name":"Floor Shop","og_image":[{"width":300,"height":300,"url":"https:\/\/floor-shop.ch\/wp-content\/uploads\/2024\/04\/6-1.png","type":"image\/png"}],"twitter_card":"summary_large_image","schema":{"@context":"https:\/\/schema.org","@graph":[{"@type":"WebPage","@id":"https:\/\/floor-shop.ch\/de\/nos-produits\/touch-up\/","url":"https:\/\/floor-shop.ch\/de\/nos-produits\/touch-up\/","name":"Touch-up - Floor Shop","isPartOf":{"@id":"https:\/\/floor-shop.ch\/de\/#website"},"primaryImageOfPage":{"@id":"https:\/\/floor-shop.ch\/de\/nos-produits\/touch-up\/#primaryimage"},"image":{"@id":"https:\/\/floor-shop.ch\/de\/nos-produits\/touch-up\/#primaryimage"},"thumbnailUrl":"https:\/\/floor-shop.ch\/wp-content\/uploads\/2024\/04\/6-1.png","datePublished":"2024-04-08T09:11:24+00:00","description":"D\u00e9couvrez Touch-up de K\u00e4hrs pour Reparatur. Un produit id\u00e9al pour l'entretien de votre rev\u00eatement de sol, disponible chez Floor Shop.","breadcrumb":{"@id":"https:\/\/floor-shop.ch\/de\/nos-produits\/touch-up\/#breadcrumb"},"inLanguage":"de","potentialAction":[{"@type":"ReadAction","target":["https:\/\/floor-shop.ch\/de\/nos-produits\/touch-up\/"]}]},{"@type":"ImageObject","inLanguage":"de","@id":"https:\/\/floor-shop.ch\/de\/nos-produits\/touch-up\/#primaryimage","url":"https:\/\/floor-shop.ch\/wp-content\/uploads\/2024\/04\/6-1.png","contentUrl":"https:\/\/floor-shop.ch\/wp-content\/uploads\/2024\/04\/6-1.png","width":300,"height":300,"caption":"Produit d'entretien Touch up de K\u00e4hrs"},{"@type":"BreadcrumbList","@id":"https:\/\/floor-shop.ch\/de\/nos-produits\/touch-up\/#breadcrumb","itemListElement":[{"@type":"ListItem","position":1,"name":"Accueil","item":"https:\/\/floor-shop.ch\/de\/pflegeprodukt-fuer-bodenbelaege\/"},{"@type":"ListItem","position":2,"name":"Unsere Produkte","item":"https:\/\/floor-shop.ch\/de\/unsere-produkte\/"},{"@type":"ListItem","position":3,"name":"Touch-up"}]},{"@type":"WebSite","@id":"https:\/\/floor-shop.ch\/de\/#website","url":"https:\/\/floor-shop.ch\/de\/","name":"Floor Shop","description":"","publisher":{"@id":"https:\/\/floor-shop.ch\/de\/#organization"},"potentialAction":[{"@type":"SearchAction","target":{"@type":"EntryPoint","urlTemplate":"https:\/\/floor-shop.ch\/de\/?s={search_term_string}"},"query-input":{"@type":"PropertyValueSpecification","valueRequired":true,"valueName":"search_term_string"}}],"inLanguage":"de"},{"@type":"Organization","@id":"https:\/\/floor-shop.ch\/de\/#organization","name":"Floor Shop","url":"https:\/\/floor-shop.ch\/de\/","logo":{"@type":"ImageObject","inLanguage":"de","@id":"https:\/\/floor-shop.ch\/de\/#\/schema\/logo\/image\/","url":"https:\/\/floor-shop.ch\/wp-content\/uploads\/2024\/04\/FloorShop-logo.svg","contentUrl":"https:\/\/floor-shop.ch\/wp-content\/uploads\/2024\/04\/FloorShop-logo.svg","width":500,"height":500,"caption":"Floor Shop"},"image":{"@id":"https:\/\/floor-shop.ch\/de\/#\/schema\/logo\/image\/"}}]}},"_links":{"self":[{"href":"https:\/\/floor-shop.ch\/de\/wp-json\/wp\/v2\/product\/783","targetHints":{"allow":["GET"]}}],"collection":[{"href":"https:\/\/floor-shop.ch\/de\/wp-json\/wp\/v2\/product"}],"about":[{"href":"https:\/\/floor-shop.ch\/de\/wp-json\/wp\/v2\/types\/product"}],"wp:featuredmedia":[{"embeddable":true,"href":"https:\/\/floor-shop.ch\/de\/wp-json\/wp\/v2\/media\/521"}],"wp:attachment":[{"href":"https:\/\/floor-shop.ch\/de\/wp-json\/wp\/v2\/media?parent=783"}],"wp:term":[{"taxonomy":"product_brand","embeddable":true,"href":"https:\/\/floor-shop.ch\/de\/wp-json\/wp\/v2\/product_brand?post=783"},{"taxonomy":"product_cat","embeddable":true,"href":"https:\/\/floor-shop.ch\/de\/wp-json\/wp\/v2\/product_cat?post=783"},{"taxonomy":"product_tag","embeddable":true,"href":"https:\/\/floor-shop.ch\/de\/wp-json\/wp\/v2\/product_tag?post=783"}],"curies":[{"name":"wp","href":"https:\/\/api.w.org\/{rel}","templated":true}]}}